{"id":407,"date":"2017-03-16T17:21:14","date_gmt":"2017-03-16T16:21:14","guid":{"rendered":"http:\/\/alfat.sk\/?page_id=407\/"},"modified":"2017-03-16T17:21:14","modified_gmt":"2017-03-16T16:21:14","slug":"dienstleistungen","status":"publish","type":"page","link":"https:\/\/alfat.sk\/de\/dienstleistungen\/","title":{"rendered":"Dienstleistungen"},"content":{"rendered":"<div class=\"wpb-content-wrapper\"><p>[vc_row][vc_column width=&#8220;1\/2&#8243; css=&#8220;.vc_custom_1476812680932{padding-bottom: 50px !important;}&#8220;][vc_row_inner][vc_column_inner width=&#8220;1\/3&#8243; offset=&#8220;vc_col-lg-4 vc_col-md-4 vc_col-xs-6&#8243;][vc_single_image image=&#8220;377&#8243; style=&#8220;vc_box_circle_2&#8243; css_animation=&#8220;fadeInDown&#8220;][\/vc_column_inner][vc_column_inner width=&#8220;2\/3&#8243; offset=&#8220;vc_col-lg-8 vc_col-md-8 vc_col-xs-12&#8243;]<div id=\"ultimate-heading-535269f1d881795df\" class=\"uvc-heading ult-adjust-bottom-margin ultimate-heading-535269f1d881795df uvc-5833 accent-border-color\" data-hspacer=\"no_spacer\"  data-halign=\"left\" style=\"text-align:left\"><div class=\"uvc-heading-spacer no_spacer\" style=\"top\"><\/div><div class=\"uvc-main-heading ult-responsive\"  data-ultimate-target='.uvc-heading.ultimate-heading-535269f1d881795df h2'  data-responsive-json-new='{\"font-size\":\"desktop:20px;\",\"line-height\":\"desktop:30px;\"}' ><h2 style=\"font-weight:bold;margin-bottom:10px;\">Landfracht<\/h2><\/div><div class=\"uvc-sub-heading ult-responsive\"  data-ultimate-target='.uvc-heading.ultimate-heading-535269f1d881795df .uvc-sub-heading '  data-responsive-json-new='{\"font-size\":\"\",\"line-height\":\"desktop:26px;\"}'  style=\"font-weight:normal;margin-bottom:20px;\">Unser Unternehmen spezialisiert sich vor allem auf den LKW-Transport verschiedenster Waren auf die M\u00e4rkte Europa und Asien. Wir disponieren \u00fcber eine Kapazit\u00e4t von insgesamt \u00fcber 2.000 Fahrzeugen von Lieferwagen \u00fcber LKWs jeder Art bis zu Teleskop- und Tiefladeh\u00e4ngern f\u00fcr den Transport von \u00fcbergr\u00f6\u00dfen und schweren Maschinen und Vorrichtungen.<\/div><\/div>[\/vc_column_inner][\/vc_row_inner][\/vc_column][vc_column width=&#8220;1\/2&#8243; css=&#8220;.vc_custom_1476812967718{padding-bottom: 50px !important;}&#8220;][vc_row_inner][vc_column_inner width=&#8220;1\/3&#8243; offset=&#8220;vc_col-lg-4 vc_col-md-4 vc_col-xs-6&#8243;][vc_single_image image=&#8220;362&#8243; style=&#8220;vc_box_circle_2&#8243; css_animation=&#8220;fadeInDown&#8220;][\/vc_column_inner][vc_column_inner width=&#8220;2\/3&#8243; offset=&#8220;vc_col-lg-8 vc_col-md-8 vc_col-xs-12&#8243;]<div id=\"ultimate-heading-318069f1d881796fb\" class=\"uvc-heading ult-adjust-bottom-margin ultimate-heading-318069f1d881796fb uvc-6503 accent-border-color\" data-hspacer=\"no_spacer\"  data-halign=\"left\" style=\"text-align:left\"><div class=\"uvc-heading-spacer no_spacer\" style=\"top\"><\/div><div class=\"uvc-main-heading ult-responsive\"  data-ultimate-target='.uvc-heading.ultimate-heading-318069f1d881796fb h2'  data-responsive-json-new='{\"font-size\":\"desktop:20px;\",\"line-height\":\"desktop:30px;\"}' ><h2 style=\"font-weight:bold;margin-bottom:10px;\">Arten von Landfracht, die wir f\u00fcr unsere Klienten realisieren<\/h2><\/div><div class=\"uvc-sub-heading ult-responsive\"  data-ultimate-target='.uvc-heading.ultimate-heading-318069f1d881796fb .uvc-sub-heading '  data-responsive-json-new='{\"font-size\":\"\",\"line-height\":\"desktop:26px;\"}'  style=\"font-weight:normal;margin-bottom:20px;\"><\/p>\n<ul>\n<li>Transport von St\u00fcckgut \u2013 Sendungen<\/li>\n<li>Expressfracht mit Lieferwagen nach ganz Europa und Asien<\/li>\n<li>Transport von Fracht bis 3,5t<\/li>\n<li>Transport von Sammelgut<\/li>\n<li>Transport von gek\u00fchlten und gefrorenen Waren<\/li>\n<li>Transport von Gefahrgut ADR<\/li>\n<li>Transport von G\u00fctern mit \u00dcbergr\u00f6\u00dfe<\/li>\n<\/ul>\n<p><\/div><\/div>[\/vc_column_inner][\/vc_row_inner][\/vc_column][\/vc_row][vc_row margin_top=&#8220;-100&#8243;][vc_column width=&#8220;1\/2&#8243; css=&#8220;.vc_custom_1476812680932{padding-bottom: 50px !important;}&#8220;][vc_row_inner][vc_column_inner width=&#8220;1\/3&#8243; offset=&#8220;vc_col-lg-4 vc_col-md-4 vc_col-xs-6&#8243;]<div class=\"ult-spacer spacer-69f1d88179790\" data-id=\"69f1d88179790\" data-height=\"0\" data-height-mobile=\"90\" data-height-tab=\"0\" data-height-tab-portrait=\"0\" data-height-mobile-landscape=\"90\" style=\"clear:both;display:block;\"><\/div>[vc_single_image image=&#8220;356&#8243; style=&#8220;vc_box_circle_2&#8243; css_animation=&#8220;fadeInDown&#8220;][\/vc_column_inner][vc_column_inner width=&#8220;2\/3&#8243; offset=&#8220;vc_col-lg-8 vc_col-md-8 vc_col-xs-12&#8243;]<div id=\"ultimate-heading-331169f1d881797f8\" class=\"uvc-heading ult-adjust-bottom-margin ultimate-heading-331169f1d881797f8 uvc-7507 accent-border-color\" data-hspacer=\"no_spacer\"  data-halign=\"left\" style=\"text-align:left\"><div class=\"uvc-heading-spacer no_spacer\" style=\"top\"><\/div><div class=\"uvc-main-heading ult-responsive\"  data-ultimate-target='.uvc-heading.ultimate-heading-331169f1d881797f8 h2'  data-responsive-json-new='{\"font-size\":\"desktop:20px;\",\"line-height\":\"desktop:30px;\"}' ><h2 style=\"font-weight:bold;margin-bottom:10px;\">Seefracht<\/h2><\/div><div class=\"uvc-sub-heading ult-responsive\"  data-ultimate-target='.uvc-heading.ultimate-heading-331169f1d881797f8 .uvc-sub-heading '  data-responsive-json-new='{\"font-size\":\"\",\"line-height\":\"desktop:26px;\"}'  style=\"font-weight:normal;margin-bottom:20px;\">Dank des sich immer weiter ausweitenden Marktes Asien und der Nachfrage durch unsere Klienten, haben wir begonnen Seefracht zu realisieren, und das ohne Begrenzung bzgl. der Enddestination. Der Vorteil dieser Bef\u00f6rderungsart ist vor allem der Preis.<\/div><\/div>[\/vc_column_inner][\/vc_row_inner][\/vc_column][vc_column width=&#8220;1\/2&#8243; css=&#8220;.vc_custom_1476812967718{padding-bottom: 50px !important;}&#8220;][vc_row_inner][vc_column_inner width=&#8220;1\/3&#8243; offset=&#8220;vc_col-lg-4 vc_col-md-4 vc_col-xs-6&#8243;][vc_single_image image=&#8220;357&#8243; style=&#8220;vc_box_circle_2&#8243; css_animation=&#8220;fadeInDown&#8220;][\/vc_column_inner][vc_column_inner width=&#8220;2\/3&#8243; offset=&#8220;vc_col-lg-8 vc_col-md-8 vc_col-xs-12&#8243;]<div id=\"ultimate-heading-234669f1d8817986c\" class=\"uvc-heading ult-adjust-bottom-margin ultimate-heading-234669f1d8817986c uvc-3640 accent-border-color\" data-hspacer=\"no_spacer\"  data-halign=\"left\" style=\"text-align:left\"><div class=\"uvc-heading-spacer no_spacer\" style=\"top\"><\/div><div class=\"uvc-main-heading ult-responsive\"  data-ultimate-target='.uvc-heading.ultimate-heading-234669f1d8817986c h2'  data-responsive-json-new='{\"font-size\":\"desktop:20px;\",\"line-height\":\"desktop:30px;\"}' ><h2 style=\"font-weight:bold;margin-bottom:10px;\">Luftfracht<\/h2><\/div><div class=\"uvc-sub-heading ult-responsive\"  data-ultimate-target='.uvc-heading.ultimate-heading-234669f1d8817986c .uvc-sub-heading '  data-responsive-json-new='{\"font-size\":\"\",\"line-height\":\"desktop:26px;\"}'  style=\"font-weight:normal;margin-bottom:20px;\">Zu unserem Portfolio geh\u00f6rt auch die Luftfracht von Waren. Dessen Vorteil ist vor allem die hohe Geschwindigkeit bei einer gro\u00dfen Entfernung.<\/div><\/div>[\/vc_column_inner][\/vc_row_inner][\/vc_column][\/vc_row]<\/p>\n<\/div>","protected":false},"excerpt":{"rendered":"<p>[vc_row][vc_column width=&#8220;1\/2&#8243; css=&#8220;.vc_custom_1476812680932{padding-bottom: 50px !important;}&#8220;][vc_row_inner][vc_column_inner width=&#8220;1\/3&#8243; offset=&#8220;vc_col-lg-4 vc_col-md-4 vc_col-xs-6&#8243;][vc_single_image image=&#8220;377&#8243; style=&#8220;vc_box_circle_2&#8243; css_animation=&#8220;fadeInDown&#8220;][\/vc_column_inner][vc_column_inner width=&#8220;2\/3&#8243; offset=&#8220;vc_col-lg-8 vc_col-md-8 vc_col-xs-12&#8243;][\/vc_column_inner][\/vc_row_inner][\/vc_column][vc_column width=&#8220;1\/2&#8243; css=&#8220;.vc_custom_1476812967718{padding-bottom: 50px !important;}&#8220;][vc_row_inner][vc_column_inner width=&#8220;1\/3&#8243; offset=&#8220;vc_col-lg-4 vc_col-md-4 vc_col-xs-6&#8243;][vc_single_image image=&#8220;362&#8243; style=&#8220;vc_box_circle_2&#8243; css_animation=&#8220;fadeInDown&#8220;][\/vc_column_inner][vc_column_inner width=&#8220;2\/3&#8243; offset=&#8220;vc_col-lg-8 vc_col-md-8 vc_col-xs-12&#8243;][\/vc_column_inner][\/vc_row_inner][\/vc_column][\/vc_row][vc_row margin_top=&#8220;-100&#8243;][vc_column width=&#8220;1\/2&#8243; css=&#8220;.vc_custom_1476812680932{padding-bottom: 50px !important;}&#8220;][vc_row_inner][vc_column_inner width=&#8220;1\/3&#8243; offset=&#8220;vc_col-lg-4 vc_col-md-4 vc_col-xs-6&#8243;][vc_single_image image=&#8220;356&#8243; style=&#8220;vc_box_circle_2&#8243; css_animation=&#8220;fadeInDown&#8220;][\/vc_column_inner][vc_column_inner width=&#8220;2\/3&#8243; offset=&#8220;vc_col-lg-8 vc_col-md-8 vc_col-xs-12&#8243;][\/vc_column_inner][\/vc_row_inner][\/vc_column][vc_column width=&#8220;1\/2&#8243; css=&#8220;.vc_custom_1476812967718{padding-bottom: 50px !important;}&#8220;][vc_row_inner][vc_column_inner width=&#8220;1\/3&#8243; offset=&#8220;vc_col-lg-4 vc_col-md-4 vc_col-xs-6&#8243;][vc_single_image&hellip;<\/p>\n","protected":false},"author":1,"featured_media":0,"parent":0,"menu_order":0,"comment_status":"closed","ping_status":"closed","template":"","meta":{"footnotes":""},"yoast_head":"<!-- This site is optimized with the Yoast SEO plugin v21.7 - https:\/\/yoast.com\/wordpress\/plugins\/seo\/ -->\n<title>Dienstleistungen - AlfaT<\/title>\n<meta name=\"robots\" content=\"index, follow, max-snippet:-1, max-image-preview:large, max-video-preview:-1\" \/>\n<link rel=\"canonical\" href=\"https:\/\/alfat.sk\/de\/dienstleistungen\/\" \/>\n<meta property=\"og:locale\" content=\"de_DE\" \/>\n<meta property=\"og:type\" content=\"article\" \/>\n<meta property=\"og:title\" content=\"Dienstleistungen - AlfaT\" \/>\n<meta property=\"og:description\" content=\"[vc_row][vc_column width=&#8220;1\/2&#8243; css=&#8220;.vc_custom_1476812680932{padding-bottom: 50px !important;}&#8220;][vc_row_inner][vc_column_inner width=&#8220;1\/3&#8243; offset=&#8220;vc_col-lg-4 vc_col-md-4 vc_col-xs-6&#8243;][vc_single_image image=&#8220;377&#8243; style=&#8220;vc_box_circle_2&#8243; css_animation=&#8220;fadeInDown&#8220;][\/vc_column_inner][vc_column_inner width=&#8220;2\/3&#8243; offset=&#8220;vc_col-lg-8 vc_col-md-8 vc_col-xs-12&#8243;][\/vc_column_inner][\/vc_row_inner][\/vc_column][vc_column width=&#8220;1\/2&#8243; css=&#8220;.vc_custom_1476812967718{padding-bottom: 50px !important;}&#8220;][vc_row_inner][vc_column_inner width=&#8220;1\/3&#8243; offset=&#8220;vc_col-lg-4 vc_col-md-4 vc_col-xs-6&#8243;][vc_single_image image=&#8220;362&#8243; style=&#8220;vc_box_circle_2&#8243; css_animation=&#8220;fadeInDown&#8220;][\/vc_column_inner][vc_column_inner width=&#8220;2\/3&#8243; offset=&#8220;vc_col-lg-8 vc_col-md-8 vc_col-xs-12&#8243;][\/vc_column_inner][\/vc_row_inner][\/vc_column][\/vc_row][vc_row margin_top=&#8220;-100&#8243;][vc_column width=&#8220;1\/2&#8243; css=&#8220;.vc_custom_1476812680932{padding-bottom: 50px !important;}&#8220;][vc_row_inner][vc_column_inner width=&#8220;1\/3&#8243; offset=&#8220;vc_col-lg-4 vc_col-md-4 vc_col-xs-6&#8243;][vc_single_image image=&#8220;356&#8243; style=&#8220;vc_box_circle_2&#8243; css_animation=&#8220;fadeInDown&#8220;][\/vc_column_inner][vc_column_inner width=&#8220;2\/3&#8243; offset=&#8220;vc_col-lg-8 vc_col-md-8 vc_col-xs-12&#8243;][\/vc_column_inner][\/vc_row_inner][\/vc_column][vc_column width=&#8220;1\/2&#8243; css=&#8220;.vc_custom_1476812967718{padding-bottom: 50px !important;}&#8220;][vc_row_inner][vc_column_inner width=&#8220;1\/3&#8243; offset=&#8220;vc_col-lg-4 vc_col-md-4 vc_col-xs-6&#8243;][vc_single_image&hellip;\" \/>\n<meta property=\"og:url\" content=\"https:\/\/alfat.sk\/de\/dienstleistungen\/\" \/>\n<meta property=\"og:site_name\" content=\"AlfaT\" \/>\n<meta name=\"twitter:card\" content=\"summary_large_image\" \/>\n<meta name=\"twitter:label1\" content=\"Gesch\u00e4tzte Lesezeit\" \/>\n\t<meta name=\"twitter:data1\" content=\"3\u00a0Minuten\" \/>\n<script type=\"application\/ld+json\" class=\"yoast-schema-graph\">{\"@context\":\"https:\/\/schema.org\",\"@graph\":[{\"@type\":\"WebPage\",\"@id\":\"https:\/\/alfat.sk\/de\/dienstleistungen\/\",\"url\":\"https:\/\/alfat.sk\/de\/dienstleistungen\/\",\"name\":\"Dienstleistungen - AlfaT\",\"isPartOf\":{\"@id\":\"https:\/\/alfat.sk\/#website\"},\"datePublished\":\"2017-03-16T16:21:14+00:00\",\"dateModified\":\"2017-03-16T16:21:14+00:00\",\"breadcrumb\":{\"@id\":\"https:\/\/alfat.sk\/de\/dienstleistungen\/#breadcrumb\"},\"inLanguage\":\"de\",\"potentialAction\":[{\"@type\":\"ReadAction\",\"target\":[\"https:\/\/alfat.sk\/de\/dienstleistungen\/\"]}]},{\"@type\":\"BreadcrumbList\",\"@id\":\"https:\/\/alfat.sk\/de\/dienstleistungen\/#breadcrumb\",\"itemListElement\":[{\"@type\":\"ListItem\",\"position\":1,\"name\":\"Home\",\"item\":\"https:\/\/alfat.sk\/de\/\"},{\"@type\":\"ListItem\",\"position\":2,\"name\":\"Dienstleistungen\"}]},{\"@type\":\"WebSite\",\"@id\":\"https:\/\/alfat.sk\/#website\",\"url\":\"https:\/\/alfat.sk\/\",\"name\":\"AlfaT\",\"description\":\"Komplexn\u00e9 prepravn\u00e9 a logistick\u00e9 slu\u017eby\",\"potentialAction\":[{\"@type\":\"SearchAction\",\"target\":{\"@type\":\"EntryPoint\",\"urlTemplate\":\"https:\/\/alfat.sk\/?s={search_term_string}\"},\"query-input\":\"required name=search_term_string\"}],\"inLanguage\":\"de\"}]}<\/script>\n<!-- \/ Yoast SEO plugin. -->","yoast_head_json":{"title":"Dienstleistungen - AlfaT","robots":{"index":"index","follow":"follow","max-snippet":"max-snippet:-1","max-image-preview":"max-image-preview:large","max-video-preview":"max-video-preview:-1"},"canonical":"https:\/\/alfat.sk\/de\/dienstleistungen\/","og_locale":"de_DE","og_type":"article","og_title":"Dienstleistungen - AlfaT","og_description":"[vc_row][vc_column width=&#8220;1\/2&#8243; css=&#8220;.vc_custom_1476812680932{padding-bottom: 50px !important;}&#8220;][vc_row_inner][vc_column_inner width=&#8220;1\/3&#8243; offset=&#8220;vc_col-lg-4 vc_col-md-4 vc_col-xs-6&#8243;][vc_single_image image=&#8220;377&#8243; style=&#8220;vc_box_circle_2&#8243; css_animation=&#8220;fadeInDown&#8220;][\/vc_column_inner][vc_column_inner width=&#8220;2\/3&#8243; offset=&#8220;vc_col-lg-8 vc_col-md-8 vc_col-xs-12&#8243;][\/vc_column_inner][\/vc_row_inner][\/vc_column][vc_column width=&#8220;1\/2&#8243; css=&#8220;.vc_custom_1476812967718{padding-bottom: 50px !important;}&#8220;][vc_row_inner][vc_column_inner width=&#8220;1\/3&#8243; offset=&#8220;vc_col-lg-4 vc_col-md-4 vc_col-xs-6&#8243;][vc_single_image image=&#8220;362&#8243; style=&#8220;vc_box_circle_2&#8243; css_animation=&#8220;fadeInDown&#8220;][\/vc_column_inner][vc_column_inner width=&#8220;2\/3&#8243; offset=&#8220;vc_col-lg-8 vc_col-md-8 vc_col-xs-12&#8243;][\/vc_column_inner][\/vc_row_inner][\/vc_column][\/vc_row][vc_row margin_top=&#8220;-100&#8243;][vc_column width=&#8220;1\/2&#8243; css=&#8220;.vc_custom_1476812680932{padding-bottom: 50px !important;}&#8220;][vc_row_inner][vc_column_inner width=&#8220;1\/3&#8243; offset=&#8220;vc_col-lg-4 vc_col-md-4 vc_col-xs-6&#8243;][vc_single_image image=&#8220;356&#8243; style=&#8220;vc_box_circle_2&#8243; css_animation=&#8220;fadeInDown&#8220;][\/vc_column_inner][vc_column_inner width=&#8220;2\/3&#8243; offset=&#8220;vc_col-lg-8 vc_col-md-8 vc_col-xs-12&#8243;][\/vc_column_inner][\/vc_row_inner][\/vc_column][vc_column width=&#8220;1\/2&#8243; css=&#8220;.vc_custom_1476812967718{padding-bottom: 50px !important;}&#8220;][vc_row_inner][vc_column_inner width=&#8220;1\/3&#8243; offset=&#8220;vc_col-lg-4 vc_col-md-4 vc_col-xs-6&#8243;][vc_single_image&hellip;","og_url":"https:\/\/alfat.sk\/de\/dienstleistungen\/","og_site_name":"AlfaT","twitter_card":"summary_large_image","twitter_misc":{"Gesch\u00e4tzte Lesezeit":"3\u00a0Minuten"},"schema":{"@context":"https:\/\/schema.org","@graph":[{"@type":"WebPage","@id":"https:\/\/alfat.sk\/de\/dienstleistungen\/","url":"https:\/\/alfat.sk\/de\/dienstleistungen\/","name":"Dienstleistungen - AlfaT","isPartOf":{"@id":"https:\/\/alfat.sk\/#website"},"datePublished":"2017-03-16T16:21:14+00:00","dateModified":"2017-03-16T16:21:14+00:00","breadcrumb":{"@id":"https:\/\/alfat.sk\/de\/dienstleistungen\/#breadcrumb"},"inLanguage":"de","potentialAction":[{"@type":"ReadAction","target":["https:\/\/alfat.sk\/de\/dienstleistungen\/"]}]},{"@type":"BreadcrumbList","@id":"https:\/\/alfat.sk\/de\/dienstleistungen\/#breadcrumb","itemListElement":[{"@type":"ListItem","position":1,"name":"Home","item":"https:\/\/alfat.sk\/de\/"},{"@type":"ListItem","position":2,"name":"Dienstleistungen"}]},{"@type":"WebSite","@id":"https:\/\/alfat.sk\/#website","url":"https:\/\/alfat.sk\/","name":"AlfaT","description":"Komplexn\u00e9 prepravn\u00e9 a logistick\u00e9 slu\u017eby","potentialAction":[{"@type":"SearchAction","target":{"@type":"EntryPoint","urlTemplate":"https:\/\/alfat.sk\/?s={search_term_string}"},"query-input":"required name=search_term_string"}],"inLanguage":"de"}]}},"_links":{"self":[{"href":"https:\/\/alfat.sk\/de\/wp-json\/wp\/v2\/pages\/407"}],"collection":[{"href":"https:\/\/alfat.sk\/de\/wp-json\/wp\/v2\/pages"}],"about":[{"href":"https:\/\/alfat.sk\/de\/wp-json\/wp\/v2\/types\/page"}],"author":[{"embeddable":true,"href":"https:\/\/alfat.sk\/de\/wp-json\/wp\/v2\/users\/1"}],"replies":[{"embeddable":true,"href":"https:\/\/alfat.sk\/de\/wp-json\/wp\/v2\/comments?post=407"}],"version-history":[{"count":1,"href":"https:\/\/alfat.sk\/de\/wp-json\/wp\/v2\/pages\/407\/revisions"}],"predecessor-version":[{"id":408,"href":"https:\/\/alfat.sk\/de\/wp-json\/wp\/v2\/pages\/407\/revisions\/408"}],"wp:attachment":[{"href":"https:\/\/alfat.sk\/de\/wp-json\/wp\/v2\/media?parent=407"}],"curies":[{"name":"wp","href":"https:\/\/api.w.org\/{rel}","templated":true}]}}