{"id":433,"date":"2017-03-23T15:15:30","date_gmt":"2017-03-23T14:15:30","guid":{"rendered":"http:\/\/alfat.sk\/?page_id=433\/"},"modified":"2017-03-23T15:15:30","modified_gmt":"2017-03-23T14:15:30","slug":"karriere","status":"publish","type":"page","link":"https:\/\/alfat.sk\/de\/karriere\/","title":{"rendered":"Karriere"},"content":{"rendered":"<div class=\"wpb-content-wrapper\"><p>[vc_row type=&#8220;vc_default&#8220; bg_type=&#8220;image&#8220; parallax_style=&#8220;vcpb-vz-jquery&#8220; bg_image_new=&#8220;id^337|url^http:\/\/alfat.contentpress.sk\/wp-content\/uploads\/2017\/03\/Kariera-1.jpg|caption^null|alt^null|title^Kariera|description^null&#8220; bg_image_repeat=&#8220;no-repeat&#8220; bg_override=&#8220;ex-full&#8220; enable_overlay=&#8220;enable_overlay_value&#8220; overlay_color=&#8220;rgba(0,0,0,0.65)&#8220; overlay_pattern=&#8220;transperant&#8220; css=&#8220;.vc_custom_1488906181058{margin-top: -70px !important;background-color: #000000 !important;}&#8220; el_id=&#8220;carrier&#8220;][vc_column][vc_row_inner equal_height=&#8220;yes&#8220; css=&#8220;.vc_custom_1488906224544{margin-top: 50px !important;margin-bottom: 70px !important;border-top-width: 9px !important;border-right-width: 9px !important;border-bottom-width: 9px !important;border-left-width: 9px !important;padding-top: 40px !important;padding-right: 15px !important;padding-bottom: 20px !important;padding-left: 15px !important;border-left-color: rgba(255,255,255,0.3) !important;border-left-style: solid !important;border-right-color: rgba(255,255,255,0.3) !important;border-right-style: solid !important;border-top-color: rgba(255,255,255,0.3) !important;border-top-style: solid !important;border-bottom-color: rgba(255,255,255,0.3) !important;border-bottom-style: solid !important;}&#8220;][vc_column_inner width=&#8220;1\/2&#8243; css=&#8220;.vc_custom_1487883926887{margin-top: 0px !important;margin-right: 0px !important;margin-bottom: 0px !important;margin-left: 0px !important;padding-top: 0px !important;padding-right: 25px !important;padding-bottom: 50px !important;padding-left: 25px !important;}&#8220;]<div id=\"ultimate-heading-684569f1da11d1379\" class=\"uvc-heading ult-adjust-bottom-margin ultimate-heading-684569f1da11d1379 uvc-8796 accent-border-color\" data-hspacer=\"line_only\"  data-halign=\"left\" style=\"text-align:left\"><div class=\"uvc-main-heading ult-responsive\"  data-ultimate-target='.uvc-heading.ultimate-heading-684569f1da11d1379 h2'  data-responsive-json-new='{\"font-size\":\"desktop:36px;\",\"line-height\":\"desktop:46px;\"}' ><h2 style=\"font-weight:bold;color:#ffffff;margin-bottom:15px;\">Werfen Sie Ihre Karriere an !<\/h2><\/div><div class=\"uvc-heading-spacer line_only\" style=\"margin-bottom:35px;height:3px;\"><span class=\"uvc-headings-line\" style=\"border-style:solid;border-bottom-width:3px;border-color:;width:200px;\"><\/span><\/div><\/div><div id=\"ultimate-heading-211269f1da11d13ec\" class=\"uvc-heading ult-adjust-bottom-margin ultimate-heading-211269f1da11d13ec uvc-4491 \" data-hspacer=\"no_spacer\"  data-halign=\"left\" style=\"text-align:left\"><div class=\"uvc-heading-spacer no_spacer\" style=\"top\"><\/div><div class=\"uvc-main-heading ult-responsive\"  data-ultimate-target='.uvc-heading.ultimate-heading-211269f1da11d13ec h2'  data-responsive-json-new='{\"font-size\":\"desktop:20px;\",\"line-height\":\"desktop:32px;\"}' ><h2 style=\"--font-weight:theme;color:#ffffff;margin-bottom:25px;\">Wir haben neue Stellen geschaffen. Z\u00f6gern Sie nicht uns dazu zu kontaktieren!<\/h2><\/div><div class=\"uvc-sub-heading ult-responsive\"  data-ultimate-target='.uvc-heading.ultimate-heading-211269f1da11d13ec .uvc-sub-heading '  data-responsive-json-new='{\"font-size\":\"\",\"line-height\":\"desktop:26px;\"}'  style=\"font-weight:normal;color:#ffffff;\">Das Unternehmen AlfaT s.r.o. hat sich entschlossen, angesichts der konstanten Zunahme der Kundenzahl und der Anzahl der transportierten G\u00fcter seine Reihen um neue Kollegen zu erweitern. Deswegen suchen wir verantwortungsvolle, zielstrebige Personen, die in der Lage sind an sich zu arbeiten und auch beruflich zu wachsen.<\/p>\n<p>Unsere einzige Anforderung ist die Kenntnis von WENIGSTEN EINER Fremdsprache auf Kommunikationsniveau in Wort und Schrift. Arbeitserfahrungen auf diesem Gebiet sind von Vorteil, jedoch keine Bedingung.<\/p>\n<p>F\u00fcr unsere zuk\u00fcnftigen Kollegen haben wir eine moderne Arbeitsumgebung mit einem angenehmen Kollektiv und, was das Wichtigste ist, einer motivierenden finanziellen Entlohnung geschaffen. Wenn Sie Interesse an einer Arbeit im B\u00fcro und einer professionellen Entwicklung in einem stabilen, schnell wachsenden Unternehmen haben, z\u00f6gern Sie bitte nicht uns noch heute zu kontaktieren. Mit uns k\u00f6nnen Ihre Tr\u00e4ume Wirklichkeit werden.<\/div><\/div>[\/vc_column_inner][vc_column_inner width=&#8220;1\/2&#8243; css=&#8220;.vc_custom_1487885168891{margin-top: 0px !important;margin-right: 0px !important;margin-left: 0px !important;padding-top: 0px !important;padding-right: 25px !important;padding-left: 25px !important;}&#8220;]<div id=\"ultimate-heading-722069f1da11d1442\" class=\"uvc-heading ult-adjust-bottom-margin ultimate-heading-722069f1da11d1442 uvc-4551 accent-border-color\" data-hspacer=\"line_only\"  data-halign=\"left\" style=\"text-align:left\"><div class=\"uvc-main-heading ult-responsive\"  data-ultimate-target='.uvc-heading.ultimate-heading-722069f1da11d1442 h2'  data-responsive-json-new='{\"font-size\":\"desktop:36px;\",\"line-height\":\"desktop:46px;\"}' ><h2 style=\"font-weight:bold;color:#ffffff;margin-bottom:15px;\">Anforderungen<\/h2><\/div><div class=\"uvc-heading-spacer line_only\" style=\"margin-bottom:35px;height:3px;\"><span class=\"uvc-headings-line\" style=\"border-style:solid;border-bottom-width:3px;border-color:;width:100px;\"><\/span><\/div><\/div><div class=\"standard-arrow bullet-top\"><ul>\n<li><span style=\"color: #ffffff;\">Deutsche Sprache \u2013 Aktiv<\/span><\/li>\n<li><span style=\"color: #ffffff;\">Englische Sprache \u2013 Aktiv<\/span><\/li>\n<li><span style=\"color: #ffffff;\">Franz\u00f6sische Sprache \u2013 Aktiv<\/span><\/li>\n<li><span style=\"color: #ffffff;\">Spanische Sprache \u2013 Aktiv<\/span><\/li>\n<li><span style=\"color: #ffffff;\">Arbeit mit Mail und PC<\/span><\/li>\n<li><span style=\"color: #ffffff;\">Kommunikativit\u00e4t<\/span><\/li>\n<\/ul>\n<\/div><div class=\"ult-spacer spacer-69f1da11d151a\" data-id=\"69f1da11d151a\" data-height=\"20\" data-height-mobile=\"20\" data-height-tab=\"20\" data-height-tab-portrait=\"\" data-height-mobile-landscape=\"\" style=\"clear:both;display:block;\"><\/div><div id=\"ultimate-heading-852269f1da11d1565\" class=\"uvc-heading ult-adjust-bottom-margin ultimate-heading-852269f1da11d1565 uvc-7031 accent-border-color\" data-hspacer=\"line_only\"  data-halign=\"left\" style=\"text-align:left\"><div class=\"uvc-main-heading ult-responsive\"  data-ultimate-target='.uvc-heading.ultimate-heading-852269f1da11d1565 h2'  data-responsive-json-new='{\"font-size\":\"desktop:36px;\",\"line-height\":\"desktop:46px;\"}' ><h2 style=\"font-weight:bold;color:#ffffff;margin-bottom:15px;\">Vorteile<\/h2><\/div><div class=\"uvc-heading-spacer line_only\" style=\"margin-bottom:35px;height:3px;\"><span class=\"uvc-headings-line\" style=\"border-style:solid;border-bottom-width:3px;border-color:;width:100px;\"><\/span><\/div><\/div><div class=\"standard-arrow bullet-top\"><ul>\n<li><span style=\"color: #ffffff;\">Angenehme Arbeitsatmosph\u00e4re<\/span><\/li>\n<li><span style=\"color: #ffffff;\">Arbeit im B\u00fcro<\/span><\/li>\n<li><span style=\"color: #ffffff;\">Vorteilhafte Arbeitszeiten<\/span><\/li>\n<\/ul>\n<\/div>[\/vc_column_inner][\/vc_row_inner][\/vc_column][\/vc_row][vc_row margin_top=&#8220;50&#8243;][vc_column width=&#8220;1\/4&#8243;][\/vc_column][vc_column width=&#8220;1\/2&#8243;]<div id=\"ultimate-heading-493869f1da11d160e\" class=\"uvc-heading ult-adjust-bottom-margin ultimate-heading-493869f1da11d160e uvc-4929 accent-border-color\" data-hspacer=\"line_only\"  data-halign=\"left\" style=\"text-align:left\"><div class=\"uvc-main-heading ult-responsive\"  data-ultimate-target='.uvc-heading.ultimate-heading-493869f1da11d160e h2'  data-responsive-json-new='{\"font-size\":\"desktop:36px;\",\"line-height\":\"desktop:46px;\"}' ><h2 style=\"font-weight:bold;color:#333539;margin-bottom:15px;\">Senden Sie Ihren Lebenslauf<\/h2><\/div><div class=\"uvc-heading-spacer line_only\" style=\"margin-bottom:35px;height:3px;\"><span class=\"uvc-headings-line\" style=\"border-style:solid;border-bottom-width:3px;border-color:;width:200px;\"><\/span><\/div><\/div>\n<div class=\"wpcf7 no-js\" id=\"wpcf7-f434-o1\" lang=\"sk-SK\" dir=\"ltr\">\n<div class=\"screen-reader-response\"><p role=\"status\" aria-live=\"polite\" aria-atomic=\"true\"><\/p> <ul><\/ul><\/div>\n<form action=\"\/de\/wp-json\/wp\/v2\/pages\/433#wpcf7-f434-o1\" method=\"post\" class=\"wpcf7-form init\" aria-label=\"Kontaktn\u00fd formul\u00e1r\" enctype=\"multipart\/form-data\" novalidate=\"novalidate\" data-status=\"init\">\n<div style=\"display: none;\">\n<input type=\"hidden\" name=\"_wpcf7\" value=\"434\" \/>\n<input type=\"hidden\" name=\"_wpcf7_version\" value=\"5.8.5\" \/>\n<input type=\"hidden\" name=\"_wpcf7_locale\" value=\"sk_SK\" \/>\n<input type=\"hidden\" name=\"_wpcf7_unit_tag\" value=\"wpcf7-f434-o1\" \/>\n<input type=\"hidden\" name=\"_wpcf7_container_post\" value=\"0\" \/>\n<input type=\"hidden\" name=\"_wpcf7_posted_data_hash\" value=\"\" \/>\n<input type=\"hidden\" name=\"_wpcf7_recaptcha_response\" value=\"\" \/>\n<\/div>\n<p><span class=\"wpcf7-form-control-wrap\" data-name=\"your-name\"><input size=\"40\" class=\"wpcf7-form-control wpcf7-text wpcf7-validates-as-required\" aria-required=\"true\" aria-invalid=\"false\" placeholder=\"Ihr Name (Pflichtangabe)\" value=\"\" type=\"text\" name=\"your-name\" \/><\/span>\n<\/p>\n<p><span class=\"wpcf7-form-control-wrap\" data-name=\"your-email\"><input size=\"40\" class=\"wpcf7-form-control wpcf7-email wpcf7-validates-as-required wpcf7-text wpcf7-validates-as-email\" aria-required=\"true\" aria-invalid=\"false\" placeholder=\"Ihre Email (Pflichtangabe)\" value=\"\" type=\"email\" name=\"your-email\" \/><\/span>\n<\/p>\n<p><span class=\"wpcf7-form-control-wrap\" data-name=\"phone-number\"><input size=\"40\" class=\"wpcf7-form-control wpcf7-tel wpcf7-text wpcf7-validates-as-tel\" aria-invalid=\"false\" placeholder=\"Telefonnummer\" value=\"\" type=\"tel\" name=\"phone-number\" \/><\/span>\n<\/p>\n<p><span class=\"wpcf7-form-control-wrap\" data-name=\"your-message\"><textarea cols=\"40\" rows=\"5\" class=\"wpcf7-form-control wpcf7-textarea\" aria-invalid=\"false\" placeholder=\"Nachricht\" name=\"your-message\"><\/textarea><\/span>\n<\/p>\n<p>F\u00fcgen Sie Ihren Lebenslauf\n<\/p>\n<p><span class=\"wpcf7-form-control-wrap\" data-name=\"file-163\"><input size=\"40\" class=\"wpcf7-form-control wpcf7-file\" accept=\"audio\/*,video\/*,image\/*\" aria-invalid=\"false\" type=\"file\" name=\"file-163\" \/><\/span>\n<\/p>\n<p><input class=\"wpcf7-form-control wpcf7-submit has-spinner\" type=\"submit\" value=\"Gesendet\" \/>\n<\/p><p style=\"display: none !important;\"><label>&#916;<textarea name=\"_wpcf7_ak_hp_textarea\" cols=\"45\" rows=\"8\" maxlength=\"100\"><\/textarea><\/label><input type=\"hidden\" id=\"ak_js_1\" name=\"_wpcf7_ak_js\" value=\"31\"\/><script>document.getElementById( \"ak_js_1\" ).setAttribute( \"value\", ( new Date() ).getTime() );<\/script><\/p><div class=\"wpcf7-response-output\" aria-hidden=\"true\"><\/div>\n<\/form>\n<\/div>\n[\/vc_column][vc_column width=&#8220;1\/4&#8243;][\/vc_column][\/vc_row]<\/p>\n<\/div>","protected":false},"excerpt":{"rendered":"<p>[vc_row type=&#8220;vc_default&#8220; bg_type=&#8220;image&#8220; parallax_style=&#8220;vcpb-vz-jquery&#8220; bg_image_new=&#8220;id^337|url^http:\/\/alfat.contentpress.sk\/wp-content\/uploads\/2017\/03\/Kariera-1.jpg|caption^null|alt^null|title^Kariera|description^null&#8220; bg_image_repeat=&#8220;no-repeat&#8220; bg_override=&#8220;ex-full&#8220; enable_overlay=&#8220;enable_overlay_value&#8220; overlay_color=&#8220;rgba(0,0,0,0.65)&#8220; overlay_pattern=&#8220;transperant&#8220; css=&#8220;.vc_custom_1488906181058{margin-top: -70px !important;background-color: #000000 !important;}&#8220; el_id=&#8220;carrier&#8220;][vc_column][vc_row_inner equal_height=&#8220;yes&#8220; css=&#8220;.vc_custom_1488906224544{margin-top: 50px !important;margin-bottom: 70px !important;border-top-width: 9px !important;border-right-width: 9px !important;border-bottom-width: 9px !important;border-left-width: 9px !important;padding-top: 40px !important;padding-right: 15px !important;padding-bottom: 20px !important;padding-left: 15px !important;border-left-color: rgba(255,255,255,0.3) !important;border-left-style: solid !important;border-right-color: rgba(255,255,255,0.3) !important;border-right-style: solid !important;border-top-color: rgba(255,255,255,0.3) !important;border-top-style: solid !important;border-bottom-color: rgba(255,255,255,0.3) !important;border-bottom-style: solid !important;}&#8220;][vc_column_inner width=&#8220;1\/2&#8243;&hellip;<\/p>\n","protected":false},"author":1,"featured_media":0,"parent":0,"menu_order":0,"comment_status":"closed","ping_status":"closed","template":"","meta":{"footnotes":""},"yoast_head":"<!-- This site is optimized with the Yoast SEO plugin v21.7 - https:\/\/yoast.com\/wordpress\/plugins\/seo\/ -->\n<title>Karriere - AlfaT<\/title>\n<meta name=\"robots\" content=\"index, follow, max-snippet:-1, max-image-preview:large, max-video-preview:-1\" \/>\n<link rel=\"canonical\" href=\"https:\/\/alfat.sk\/de\/karriere\/\" \/>\n<meta property=\"og:locale\" content=\"de_DE\" \/>\n<meta property=\"og:type\" content=\"article\" \/>\n<meta property=\"og:title\" content=\"Karriere - AlfaT\" \/>\n<meta property=\"og:description\" content=\"[vc_row type=&#8220;vc_default&#8220; bg_type=&#8220;image&#8220; parallax_style=&#8220;vcpb-vz-jquery&#8220; bg_image_new=&#8220;id^337|url^http:\/\/alfat.contentpress.sk\/wp-content\/uploads\/2017\/03\/Kariera-1.jpg|caption^null|alt^null|title^Kariera|description^null&#8220; bg_image_repeat=&#8220;no-repeat&#8220; bg_override=&#8220;ex-full&#8220; enable_overlay=&#8220;enable_overlay_value&#8220; overlay_color=&#8220;rgba(0,0,0,0.65)&#8220; overlay_pattern=&#8220;transperant&#8220; css=&#8220;.vc_custom_1488906181058{margin-top: -70px !important;background-color: #000000 !important;}&#8220; el_id=&#8220;carrier&#8220;][vc_column][vc_row_inner equal_height=&#8220;yes&#8220; css=&#8220;.vc_custom_1488906224544{margin-top: 50px !important;margin-bottom: 70px !important;border-top-width: 9px !important;border-right-width: 9px !important;border-bottom-width: 9px !important;border-left-width: 9px !important;padding-top: 40px !important;padding-right: 15px !important;padding-bottom: 20px !important;padding-left: 15px !important;border-left-color: rgba(255,255,255,0.3) !important;border-left-style: solid !important;border-right-color: rgba(255,255,255,0.3) !important;border-right-style: solid !important;border-top-color: rgba(255,255,255,0.3) !important;border-top-style: solid !important;border-bottom-color: rgba(255,255,255,0.3) !important;border-bottom-style: solid !important;}&#8220;][vc_column_inner width=&#8220;1\/2&#8243;&hellip;\" \/>\n<meta property=\"og:url\" content=\"https:\/\/alfat.sk\/de\/karriere\/\" \/>\n<meta property=\"og:site_name\" content=\"AlfaT\" \/>\n<meta name=\"twitter:card\" content=\"summary_large_image\" \/>\n<meta name=\"twitter:label1\" content=\"Gesch\u00e4tzte Lesezeit\" \/>\n\t<meta name=\"twitter:data1\" content=\"4\u00a0Minuten\" \/>\n<script type=\"application\/ld+json\" class=\"yoast-schema-graph\">{\"@context\":\"https:\/\/schema.org\",\"@graph\":[{\"@type\":\"WebPage\",\"@id\":\"https:\/\/alfat.sk\/de\/karriere\/\",\"url\":\"https:\/\/alfat.sk\/de\/karriere\/\",\"name\":\"Karriere - AlfaT\",\"isPartOf\":{\"@id\":\"https:\/\/alfat.sk\/#website\"},\"datePublished\":\"2017-03-23T14:15:30+00:00\",\"dateModified\":\"2017-03-23T14:15:30+00:00\",\"breadcrumb\":{\"@id\":\"https:\/\/alfat.sk\/de\/karriere\/#breadcrumb\"},\"inLanguage\":\"de\",\"potentialAction\":[{\"@type\":\"ReadAction\",\"target\":[\"https:\/\/alfat.sk\/de\/karriere\/\"]}]},{\"@type\":\"BreadcrumbList\",\"@id\":\"https:\/\/alfat.sk\/de\/karriere\/#breadcrumb\",\"itemListElement\":[{\"@type\":\"ListItem\",\"position\":1,\"name\":\"Home\",\"item\":\"https:\/\/alfat.sk\/de\/\"},{\"@type\":\"ListItem\",\"position\":2,\"name\":\"Karriere\"}]},{\"@type\":\"WebSite\",\"@id\":\"https:\/\/alfat.sk\/#website\",\"url\":\"https:\/\/alfat.sk\/\",\"name\":\"AlfaT\",\"description\":\"Komplexn\u00e9 prepravn\u00e9 a logistick\u00e9 slu\u017eby\",\"potentialAction\":[{\"@type\":\"SearchAction\",\"target\":{\"@type\":\"EntryPoint\",\"urlTemplate\":\"https:\/\/alfat.sk\/?s={search_term_string}\"},\"query-input\":\"required name=search_term_string\"}],\"inLanguage\":\"de\"}]}<\/script>\n<!-- \/ Yoast SEO plugin. -->","yoast_head_json":{"title":"Karriere - AlfaT","robots":{"index":"index","follow":"follow","max-snippet":"max-snippet:-1","max-image-preview":"max-image-preview:large","max-video-preview":"max-video-preview:-1"},"canonical":"https:\/\/alfat.sk\/de\/karriere\/","og_locale":"de_DE","og_type":"article","og_title":"Karriere - AlfaT","og_description":"[vc_row type=&#8220;vc_default&#8220; bg_type=&#8220;image&#8220; parallax_style=&#8220;vcpb-vz-jquery&#8220; bg_image_new=&#8220;id^337|url^http:\/\/alfat.contentpress.sk\/wp-content\/uploads\/2017\/03\/Kariera-1.jpg|caption^null|alt^null|title^Kariera|description^null&#8220; bg_image_repeat=&#8220;no-repeat&#8220; bg_override=&#8220;ex-full&#8220; enable_overlay=&#8220;enable_overlay_value&#8220; overlay_color=&#8220;rgba(0,0,0,0.65)&#8220; overlay_pattern=&#8220;transperant&#8220; css=&#8220;.vc_custom_1488906181058{margin-top: -70px !important;background-color: #000000 !important;}&#8220; el_id=&#8220;carrier&#8220;][vc_column][vc_row_inner equal_height=&#8220;yes&#8220; css=&#8220;.vc_custom_1488906224544{margin-top: 50px !important;margin-bottom: 70px !important;border-top-width: 9px !important;border-right-width: 9px !important;border-bottom-width: 9px !important;border-left-width: 9px !important;padding-top: 40px !important;padding-right: 15px !important;padding-bottom: 20px !important;padding-left: 15px !important;border-left-color: rgba(255,255,255,0.3) !important;border-left-style: solid !important;border-right-color: rgba(255,255,255,0.3) !important;border-right-style: solid !important;border-top-color: rgba(255,255,255,0.3) !important;border-top-style: solid !important;border-bottom-color: rgba(255,255,255,0.3) !important;border-bottom-style: solid !important;}&#8220;][vc_column_inner width=&#8220;1\/2&#8243;&hellip;","og_url":"https:\/\/alfat.sk\/de\/karriere\/","og_site_name":"AlfaT","twitter_card":"summary_large_image","twitter_misc":{"Gesch\u00e4tzte Lesezeit":"4\u00a0Minuten"},"schema":{"@context":"https:\/\/schema.org","@graph":[{"@type":"WebPage","@id":"https:\/\/alfat.sk\/de\/karriere\/","url":"https:\/\/alfat.sk\/de\/karriere\/","name":"Karriere - AlfaT","isPartOf":{"@id":"https:\/\/alfat.sk\/#website"},"datePublished":"2017-03-23T14:15:30+00:00","dateModified":"2017-03-23T14:15:30+00:00","breadcrumb":{"@id":"https:\/\/alfat.sk\/de\/karriere\/#breadcrumb"},"inLanguage":"de","potentialAction":[{"@type":"ReadAction","target":["https:\/\/alfat.sk\/de\/karriere\/"]}]},{"@type":"BreadcrumbList","@id":"https:\/\/alfat.sk\/de\/karriere\/#breadcrumb","itemListElement":[{"@type":"ListItem","position":1,"name":"Home","item":"https:\/\/alfat.sk\/de\/"},{"@type":"ListItem","position":2,"name":"Karriere"}]},{"@type":"WebSite","@id":"https:\/\/alfat.sk\/#website","url":"https:\/\/alfat.sk\/","name":"AlfaT","description":"Komplexn\u00e9 prepravn\u00e9 a logistick\u00e9 slu\u017eby","potentialAction":[{"@type":"SearchAction","target":{"@type":"EntryPoint","urlTemplate":"https:\/\/alfat.sk\/?s={search_term_string}"},"query-input":"required name=search_term_string"}],"inLanguage":"de"}]}},"_links":{"self":[{"href":"https:\/\/alfat.sk\/de\/wp-json\/wp\/v2\/pages\/433"}],"collection":[{"href":"https:\/\/alfat.sk\/de\/wp-json\/wp\/v2\/pages"}],"about":[{"href":"https:\/\/alfat.sk\/de\/wp-json\/wp\/v2\/types\/page"}],"author":[{"embeddable":true,"href":"https:\/\/alfat.sk\/de\/wp-json\/wp\/v2\/users\/1"}],"replies":[{"embeddable":true,"href":"https:\/\/alfat.sk\/de\/wp-json\/wp\/v2\/comments?post=433"}],"version-history":[{"count":1,"href":"https:\/\/alfat.sk\/de\/wp-json\/wp\/v2\/pages\/433\/revisions"}],"predecessor-version":[{"id":435,"href":"https:\/\/alfat.sk\/de\/wp-json\/wp\/v2\/pages\/433\/revisions\/435"}],"wp:attachment":[{"href":"https:\/\/alfat.sk\/de\/wp-json\/wp\/v2\/media?parent=433"}],"curies":[{"name":"wp","href":"https:\/\/api.w.org\/{rel}","templated":true}]}}