{"id":639,"date":"2024-01-08T15:16:56","date_gmt":"2024-01-08T14:16:56","guid":{"rendered":"https:\/\/alfat.sk\/ochrana-osobnych-udajov\/"},"modified":"2024-01-08T15:16:56","modified_gmt":"2024-01-08T14:16:56","slug":"ochrana-osobnych-udajov","status":"publish","type":"page","link":"https:\/\/alfat.sk\/de\/ochrana-osobnych-udajov\/","title":{"rendered":"Ochrana osobn\u00fdch \u00fadajov"},"content":{"rendered":"<p><strong>AlfaT s.r.o., M.R. \u0160tef\u00e1nika 191\/41, 075 01 Trebi\u0161ov, I\u010cO: 48002542 (\u010ealej len prev\u00e1dzkovate\u013e) prehlasuje ako prev\u00e1dzkovate\u013e webov\u00e9ho s\u00eddla www.alfat.sk, \u017ee na zaistenie ochrany pr\u00e1v dotknut\u00fdch os\u00f4b prijal primeran\u00e9 technick\u00e9 a organiza\u010dn\u00e9 opatrenia, ktor\u00e9 deklaruj\u00fa z\u00e1konn\u00e9 sprac\u00favanie osobn\u00fdch \u00fadajov.<\/strong> Prev\u00e1dzkovate\u013e \u010falej zaviedol transparentn\u00fd syst\u00e9m zaznamen\u00e1vania bezpe\u010dnostn\u00fdch incidentov a ak\u00fdchko\u013evek ot\u00e1zok zo strany dotknutej osoby, ako aj in\u00fdch os\u00f4b. Jednotliv\u00e9 inform\u00e1cie sa m\u00f4\u017ee dotknut\u00e1 osoba dozvedie\u0165 emailom: info@alfat.sk alebo priamo na webovom s\u00eddle prev\u00e1dzkovate\u013ea<strong>.<\/strong>\u00a0<strong>K Va\u0161im osobn\u00fdm \u00fadajom pristupujeme profesion\u00e1lne a citlivo.<\/strong><\/p>\n<ul>\n<li>V \u017eiadnom pr\u00edpade ich neposkytujeme tret\u00edm stran\u00e1m (okrem rozsahu uveden\u00e9ho v bode 2).<\/li>\n<li>Osobn\u00e9 \u00fadaje s\u00fa ulo\u017een\u00e9 v zabezpe\u010denej datab\u00e1ze s potrebou autorizovan\u00e9ho pr\u00edstupu.<\/li>\n<li>Prostredn\u00edctvom webov\u00e9ho s\u00eddla sprac\u00favame od v\u00e1s iba tie \u00fadaje, ktor\u00e9 n\u00e1m svojvo\u013ene poskytnete prostredn\u00edctvom kontaktn\u00e9ho formul\u00e1ra, ktor\u00fd je zaveden\u00fd v zmysle \u010dl. 6 ods. 1 p\u00edsm. f) Nariadenia GDPR \u2013 opr\u00e1vnen\u00e9ho z\u00e1ujmu za \u00fa\u010delom reakcie na Vami podan\u00fd dopyt\/podnet alebo ot\u00e1zku oh\u013eadne dod\u00e1van\u00fdch produktov\/slu\u017eieb alebo vypracovania cenovej ponuky.<\/li>\n<li>Va\u0161e \u00fadaje s\u00fa na ceste k n\u00e1\u0161mu serveru \u0161ifrovan\u00e9, tak, aby ich nikto nemohol po ceste de\u0161ifrova\u0165.<\/li>\n<li>V\u0161etci pracovn\u00edci, ktor\u00ed pr\u00eddu do styku s Va\u0161imi osobn\u00fdmi \u00fadajmi boli n\u00e1le\u017eite pou\u010den\u00ed o spr\u00e1vnom a citlivom zaobch\u00e1dzan\u00ed s nimi.<\/li>\n<li>M\u00f4\u017eete n\u00e1s kedyko\u013evek po\u017eiada\u0165 o zmazanie vami poslan\u00e9ho pr\u00edspevku alebo v\u0161etk\u00fdch poslan\u00fdch pr\u00edspevkov z v\u00e1\u0161ho e-mail konta.<\/li>\n<\/ul>\n<p>Podrobn\u00e9 inform\u00e1cie o sprac\u00favan\u00ed a ochrane osobn\u00fdch \u00fadajov V zmysle nariadenia EP a Rady E\u00da \u010d. 2016\/679 o ochrane fyzick\u00fdch os\u00f4b pri sprac\u00favan\u00ed osobn\u00fdch \u00fadajov a o vo\u013enom pohybe tak\u00fdchto \u00fadajov, ktor\u00fdm sa zru\u0161uje smernica 95\/46\/ES (v\u0161eobecn\u00e9 nariadenie o ochrane \u00fadajov) a z\u00e1kona SR \u010d. 18\/2018 Z. z. o ochrane osobn\u00fdch \u00fadajov a o zmene a doplnen\u00ed niektor\u00fdch z\u00e1konov (\u010falej len: \u201ez\u00e1kon o ochrane osobn\u00fdch \u00fadajov\u201c).<\/p>\n<h3>1. Prev\u00e1dzkovate\u013e webov\u00e9ho s\u00eddla: www.alfat.sk<\/h3>\n<p>Va\u0161e \u00fadaje sprac\u00favame pre vlastn\u00e9 \u00fa\u010dely ako\u00a0Prev\u00e1dzkovate\u013e. To znamen\u00e1, \u017ee my stanovujeme \u00fa\u010dely, pre ktor\u00e9 Va\u0161e osobn\u00e9 \u00fadaje zhroma\u017e\u010fujeme, ur\u010dujeme prostriedky sprac\u00favania a zodpoved\u00e1me za ich riadne vykonanie.<\/p>\n<h3>2. Zoznam na\u0161ich sprostredkovate\u013eov, ktor\u00ed tak isto sprac\u00favaj\u00fa Va\u0161e osobn\u00e9 \u00fadaje<\/h3>\n<p>Pri vyu\u017eit\u00ed kontaktn\u00e9ho formul\u00e1ra Va\u0161e \u00fadaje sprac\u00fava aj \u010fal\u0161\u00ed subjekt, ktor\u00fd n\u00e1m pom\u00e1ha s\u00a0prev\u00e1dzkovan\u00edm, \u00fapravou webov\u00e9ho s\u00eddla a\u00a0poskytovan\u00edm webov\u00e9ho port\u00e1lu. Ni\u017e\u0161ie uveden\u00fd subjekt sa nach\u00e1dza v \u00falohe sprostredkovate\u013ea, s\u00a0ktor\u00fdm m\u00e1me podp\u00edsan\u00fa zmluvu v zmysle \u010dl. 28 ods. 3 Nariadenia GDPR.\u00a0<u>\u00a0<\/u><\/p>\n<table width=\"652\">\n<thead>\n<tr>\n<td><strong>N\u00e1zov slu\u017eby<\/strong><\/td>\n<td width=\"165\"><strong>Typ slu\u017eby<\/strong><\/td>\n<td width=\"340\"><strong>Sprostredkovate\u013e<\/strong><\/td>\n<\/tr>\n<\/thead>\n<tbody>\n<tr>\n<td><strong>Hostingov\u00e9 ulo\u017eisko<\/strong><\/td>\n<td width=\"165\">dod\u00e1vate\u013e technol\u00f3gi\u00ed a cloudov\u00fdch slu\u017eieb<\/td>\n<td width=\"340\">Webglobe, a.s., Star\u00e1 Prievozsk\u00e1 1349\/2, 821 09 Bratislava \u2013 mestsk\u00e1 \u010das\u0165 Ru\u017einov I\u010cO: 52486567<\/td>\n<\/tr>\n<\/tbody>\n<\/table>\n<h3>3. \u00da\u010del sprac\u00favania osobn\u00fdch \u00fadajov<\/h3>\n<ul>\n<li>Odpovedanie na ot\u00e1zky\/podnety Vami podan\u00fdch prostredn\u00edctvom kontaktn\u00e9ho formul\u00e1ra<\/li>\n<\/ul>\n<h3>4. Zoznam sprac\u00favan\u00fdch osobn\u00fdch \u00fadajov<\/h3>\n<ul>\n<li>Kontaktn\u00e9 \u00fadaje \u2013 Meno a\u00a0priezvisko \u2013 pre potreby identifik\u00e1cie dotknutej osoby \u2013 Telef\u00f3nne \u010d\u00edslo \u2013 pre potreby overenia relevantnosti, alebo vybavenia po\u017eiadavky \u2013 Adresa elektronickej po\u0161ty \u2013 pre potreby odpovedania na\u00a0po\u017eiadavku<\/li>\n<\/ul>\n<h3>5. Zverejnenie \u00fadajov<\/h3>\n<p>Na\u0161a spolo\u010dnos\u0165 z\u00edskan\u00e9 \u00fadaje v \u017eiadnom pr\u00edpade nezverej\u0148uje.<\/p>\n<h3>6. Doba sprac\u00favania a uchov\u00e1vania Va\u0161ich osobn\u00fdch \u00fadajov<\/h3>\n<p>Va\u0161e osobn\u00e9 \u00fadaje sprac\u00favame a uchov\u00e1vame predov\u0161etk\u00fdm po dobu vybavenia Va\u0161ej \u017eiadosti\/podnetu, najviac v\u0161ak po dobu 36 mesiacov. Po tejto dobe bud\u00fa Va\u0161e osobn\u00e9 \u00fadaje vymazan\u00e9.<\/p>\n<h3>7. Pr\u00e1va a povinnosti dotknutej osoby<\/h3>\n<ul>\n<li>Z\u00e1kazn\u00edk sa zav\u00e4zuje, \u017ee ak poskytne osobn\u00e9 \u00fadaje tretej osoby ako \u00fadaje pre doru\u010denie (meno, priezvisko, telef\u00f3nne \u010d\u00edslo), rob\u00ed tak iba s jej s\u00fahlasom a dotknut\u00e1 osoba je obozn\u00e1men\u00e1 s postupmi, pr\u00e1vami a povinnos\u0165ami, ktor\u00e9 s\u00fa uveden\u00e9 na tejto str\u00e1nke.<\/li>\n<li>Ako n\u00e1\u0161 klient a dotknut\u00e1 osoba m\u00e1te v stanovenom rozsahu pr\u00e1vo rozhodova\u0165 o nakladan\u00ed s Va\u0161imi osobn\u00fdmi \u00fadajmi. Uplatni\u0165 ni\u017e\u0161ie uveden\u00e9 pr\u00e1va si m\u00f4\u017eete: Prostredn\u00edctvom emailu info@alfat.sk alebo p\u00edsomne na adrese prev\u00e1dzkovate\u013ea: PETLUX s. r. o., Ve\u013ek\u00e9 Zalu\u017eice 430, 072 34 Zalu\u017eice.<\/li>\n<\/ul>\n<p><strong>Budeme sa V\u00e1m sna\u017ei\u0165 odpoveda\u0165 \u010do najsk\u00f4r, v\u017edy V\u00e1m v\u0161ak odpovieme najnesk\u00f4r do 30 dn\u00ed od doru\u010denia Va\u0161ej \u017eiadosti. Platn\u00e9 pr\u00e1vne predpisy a Nariadenie GDPR, resp. Z\u00e1kon V\u00e1m zabezpe\u010duj\u00fa najm\u00e4:<\/strong>\u00a0<strong>Pr\u00e1vo na pr\u00edstup<\/strong>\u00a0\u2013 M\u00e1te pr\u00e1vo od n\u00e1s po\u017eadova\u0165 potvrdenie o tom, \u010di sa sprac\u00favaj\u00fa Va\u0161e osobn\u00e9 \u00fadaje, a pokia\u013e tomu tak je, z\u00edska\u0165 k\u00f3piu t\u00fdchto \u00fadajov a dodato\u010dn\u00e9 inform\u00e1cie vypl\u00fdvaj\u00face z \u010dl. 15 Nariadenia, resp. \u00a7 21 Z\u00e1kona. V pr\u00edpade, \u017ee o V\u00e1s z\u00edskavame ve\u013ek\u00e9 mno\u017estvo \u00fadajov, m\u00f4\u017eeme od V\u00e1s po\u017eadova\u0165, aby ste \u0161pecifikovali svoju po\u017eiadavku na okruh konkr\u00e9tnych \u00fadajov, ktor\u00e9 o V\u00e1s sprac\u00favame.<\/p>\n<p><strong>Pr\u00e1vo na opravu<\/strong>\u00a0\u2013 K tomu, aby sme o V\u00e1s neust\u00e1le sprac\u00favali len aktu\u00e1lne osobn\u00e9 \u00fadaje potrebujeme, aby ste n\u00e1m ich zmenu ozn\u00e1mili \u010do najsk\u00f4r ako nastane. V pr\u00edpade, \u017ee o V\u00e1s sprac\u00favame nespr\u00e1vne \u00fadaje, m\u00e1te pr\u00e1vo po\u017eadova\u0165 ich opravu.<\/p>\n<p><strong>Pr\u00e1vo na v\u00fdmaz<\/strong>\u00a0\u2013 Ak bud\u00fa naplnen\u00e9 podmienky \u010dl\u00e1nku 14 Nariadenia, resp. \u00a7 23 Z\u00e1kona, m\u00f4\u017eete po\u017eadova\u0165 v\u00fdmaz Va\u0161ich osobn\u00fdch \u00fadajov. O v\u00fdmaz preto m\u00f4\u017eete \u017eiada\u0165 napr\u00edklad ak ste odvolali V\u00e1\u0161 s\u00fahlas so sprac\u00favan\u00edm osobn\u00fdch \u00fadajov a neexistuje in\u00fd pr\u00e1vny z\u00e1klad sprac\u00favania, alebo v pr\u00edpade, \u017ee Va\u0161e osobn\u00e9 \u00fadaje sprac\u00favame nez\u00e1konne, alebo sa pominul \u00fa\u010del, na ktor\u00fd sme Va\u0161e osobn\u00e9 \u00fadaje sprac\u00favali a nesprac\u00favame ich za in\u00fdm kompatibiln\u00fdm \u00fa\u010delom. Va\u0161e \u00fadaje v\u0161ak nevyma\u017eeme ak s\u00fa potrebn\u00e9 na preukazovanie, uplat\u0148ovanie alebo obhajovanie pr\u00e1vnych n\u00e1rokov.<\/p>\n<p><strong>Pr\u00e1vo na obmedzenie sprac\u00favania<\/strong>\u00a0\u2013 Ak bud\u00fa naplnen\u00e9 podmienky \u010dl\u00e1nku 18 Nariadenia, resp. \u00a7 24 Z\u00e1kona, m\u00f4\u017eete od n\u00e1s po\u017eadova\u0165, aby sme obmedzili sprac\u00favanie Va\u0161ich osobn\u00fdch \u00fadajov. O obmedzenie preto m\u00f4\u017eete \u017eiada\u0165 napr\u00edklad po\u010das toho, ako namietate spr\u00e1vnos\u0165 sprac\u00favan\u00fdch \u00fadajov alebo v pr\u00edpade, \u017ee je sprac\u00favanie nez\u00e1konn\u00e9 a Vy si ne\u017eel\u00e1te, aby sme \u00fadaje vymazali, ale potrebujete, aby ich sprac\u00favanie bolo obmedzen\u00e9 po\u010das toho ako si uplatn\u00edte Va\u0161e pr\u00e1va. Va\u0161e \u00fadaje na\u010falej sprac\u00favame ak existuj\u00fa d\u00f4vody na preukazovanie, uplat\u0148ovanie alebo obhajovanie pr\u00e1vnych n\u00e1rokov.<\/p>\n<p><strong>Pr\u00e1vo na prenosnos\u0165<\/strong>\u00a0\u2013 Ak je sprac\u00favanie zalo\u017een\u00e9 na Va\u0161om s\u00fahlase alebo vykon\u00e1van\u00e9 za \u00fa\u010delom plnenia zmluvy uzatvorenej s Vami a z\u00e1rove\u0148 vykon\u00e1van\u00e9 automatizovan\u00fdmi prostriedkami, m\u00e1te pr\u00e1vo od n\u00e1s obdr\u017ea\u0165 Va\u0161e osobn\u00e9 \u00fadaje, ktor\u00e9 sme od V\u00e1s z\u00edskali v be\u017ene pou\u017e\u00edvanom strojovo \u010ditate\u013enom form\u00e1te. Ak o to budete ma\u0165 z\u00e1ujem a bude to technicky mo\u017en\u00e9, Va\u0161e osobn\u00e9 \u00fadaje prenesieme priamo k in\u00e9mu prev\u00e1dzkovate\u013eovi. Toto pr\u00e1vo nebude mo\u017en\u00e9 uplatni\u0165 na sprac\u00favanie vykon\u00e1van\u00e9 z d\u00f4vodu plnenia \u00falohy realizovanej vo verejnom z\u00e1ujme alebo pri v\u00fdkone verejnej moci.<\/p>\n<p><strong>Pr\u00e1vo namieta\u0165 vo\u010di sprac\u00favaniu<\/strong>\u00a0\u2013 Ak sprac\u00favame Va\u0161e osobn\u00e9 \u00fadaje z d\u00f4vodu plnenia \u00falohy realizovanej vo verejnom z\u00e1ujme alebo pri v\u00fdkone verejnej moci n\u00e1m zverenej, alebo pokia\u013e je sprac\u00favanie vykon\u00e1van\u00e9 na z\u00e1klade na\u0161ich opr\u00e1vnen\u00fdch z\u00e1ujmov \u010di opr\u00e1vnen\u00fdch z\u00e1ujmov tretej strany, m\u00e1te pr\u00e1vo namieta\u0165 vo\u010di tak\u00e9muto sprac\u00favaniu. Na z\u00e1klade Va\u0161ej n\u00e1mietky sprac\u00favanie osobn\u00fdch \u00fadajov obmedz\u00edme a pokia\u013e nepreuk\u00e1\u017eeme z\u00e1va\u017en\u00e9 opr\u00e1vnen\u00e9 d\u00f4vody sprac\u00favania, ktor\u00e9 preva\u017euj\u00fa nad Va\u0161imi z\u00e1ujmami, pr\u00e1vami a slobodami alebo d\u00f4vody na preukazovanie, uplat\u0148ovanie alebo obhajovanie pr\u00e1vnych n\u00e1rokov, osobn\u00e9 \u00fadaje na\u010falej sprac\u00fava\u0165 nebudeme a Va\u0161e osobn\u00e9 \u00fadaje zma\u017eeme. M\u00e1te pr\u00e1vo kedyko\u013evek namieta\u0165 proti sprac\u00favaniu osobn\u00fdch \u00fadajov na \u00fa\u010dely priameho marketingu, vr\u00e1tane profilovania v rozsahu, v akom s\u00favis\u00ed s tak\u00fdmto priamym marketingom. Po vznesen\u00ed n\u00e1mietky Va\u0161e osobn\u00e9 \u00fadaje u\u017e na tento \u00fa\u010del sprac\u00fava\u0165 nebudeme.<\/p>\n<p><strong>Pr\u00e1vo poda\u0165 s\u0165a\u017enos\u0165<\/strong>\u00a0\u2013 Ak sa domnievate, \u017ee sprac\u00favanie Va\u0161ich osobn\u00fdch \u00fadajov je v rozpore s Nariaden\u00edm, resp. Z\u00e1konom, m\u00e1te pr\u00e1vo poda\u0165 s\u0165a\u017enos\u0165 na jeden z pr\u00edslu\u0161n\u00fdch dozorn\u00fdch org\u00e1nov, najm\u00e4 v \u010dlenskom \u0161t\u00e1te V\u00e1\u0161ho obvykl\u00e9ho pobytu, miesta v\u00fdkonu pr\u00e1ce alebo v miesta \u00fadajn\u00e9ho poru\u0161enia. Pre \u00fazemie Slovenskej republiky je dozorn\u00fdm org\u00e1nom \u00darad pre ochranu osobn\u00fdch \u00fadajov, so s\u00eddlom: Hrani\u010dn\u00e1 4826\/12, 820 07 Bratislava, Slovensk\u00e1 republika, web: www.dataprotection.gov.sk, tel.: +421 \/2\/ 3231 3220.<\/p>\n<p><strong>Pr\u00e1vo odvola\u0165 s\u00fahlas<\/strong>\u00a0\u2013 Ak je sprac\u00favanie Va\u0161ich osobn\u00fdch \u00fadajov zalo\u017een\u00e9 na s\u00fahlase, m\u00e1te pr\u00e1vo tento s\u00fahlas kedyko\u013evek odvola\u0165. Odvolanie s\u00fahlasu nem\u00e1 vplyv na u\u017e vykonan\u00e9 sprac\u00favanie. Ak sa kedyko\u013evek nesk\u00f4r rozhodnete, \u017ee m\u00e1te z\u00e1ujem op\u00e4tovne dost\u00e1va\u0165 od n\u00e1s obchodn\u00e9 a marketingov\u00e9 ponuky o na\u0161ich produktoch a slu\u017eb\u00e1ch, svoj odvolan\u00fd s\u00fahlas (respekt\u00edve podan\u00fa n\u00e1mietku) m\u00f4\u017eete kedyko\u013evek znovu udeli\u0165, a to ktorouko\u013evek vy\u0161\u0161ie uvedenou formou kontaktu.<\/p>\n","protected":false},"excerpt":{"rendered":"<p>AlfaT s.r.o., M.R. \u0160tef\u00e1nika 191\/41, 075 01 Trebi\u0161ov, I\u010cO: 48002542 (\u010ealej len prev\u00e1dzkovate\u013e) prehlasuje ako prev\u00e1dzkovate\u013e webov\u00e9ho s\u00eddla www.alfat.sk, \u017ee na zaistenie ochrany pr\u00e1v dotknut\u00fdch os\u00f4b prijal primeran\u00e9 technick\u00e9 a organiza\u010dn\u00e9 opatrenia, ktor\u00e9 deklaruj\u00fa z\u00e1konn\u00e9 sprac\u00favanie osobn\u00fdch \u00fadajov. Prev\u00e1dzkovate\u013e \u010falej zaviedol transparentn\u00fd syst\u00e9m zaznamen\u00e1vania bezpe\u010dnostn\u00fdch incidentov a ak\u00fdchko\u013evek ot\u00e1zok zo strany dotknutej osoby, ako aj&hellip;<\/p>\n","protected":false},"author":1,"featured_media":0,"parent":0,"menu_order":0,"comment_status":"closed","ping_status":"closed","template":"","meta":{"footnotes":""},"yoast_head":"<!-- This site is optimized with the Yoast SEO plugin v21.7 - https:\/\/yoast.com\/wordpress\/plugins\/seo\/ -->\n<title>Ochrana osobn\u00fdch \u00fadajov - AlfaT<\/title>\n<meta name=\"robots\" content=\"index, follow, max-snippet:-1, max-image-preview:large, max-video-preview:-1\" \/>\n<link rel=\"canonical\" href=\"https:\/\/alfat.sk\/de\/ochrana-osobnych-udajov\/\" \/>\n<meta property=\"og:locale\" content=\"de_DE\" \/>\n<meta property=\"og:type\" content=\"article\" \/>\n<meta property=\"og:title\" content=\"Ochrana osobn\u00fdch \u00fadajov - AlfaT\" \/>\n<meta property=\"og:description\" content=\"AlfaT s.r.o., M.R. \u0160tef\u00e1nika 191\/41, 075 01 Trebi\u0161ov, I\u010cO: 48002542 (\u010ealej len prev\u00e1dzkovate\u013e) prehlasuje ako prev\u00e1dzkovate\u013e webov\u00e9ho s\u00eddla www.alfat.sk, \u017ee na zaistenie ochrany pr\u00e1v dotknut\u00fdch os\u00f4b prijal primeran\u00e9 technick\u00e9 a organiza\u010dn\u00e9 opatrenia, ktor\u00e9 deklaruj\u00fa z\u00e1konn\u00e9 sprac\u00favanie osobn\u00fdch \u00fadajov. Prev\u00e1dzkovate\u013e \u010falej zaviedol transparentn\u00fd syst\u00e9m zaznamen\u00e1vania bezpe\u010dnostn\u00fdch incidentov a ak\u00fdchko\u013evek ot\u00e1zok zo strany dotknutej osoby, ako aj&hellip;\" \/>\n<meta property=\"og:url\" content=\"https:\/\/alfat.sk\/de\/ochrana-osobnych-udajov\/\" \/>\n<meta property=\"og:site_name\" content=\"AlfaT\" \/>\n<meta name=\"twitter:card\" content=\"summary_large_image\" \/>\n<meta name=\"twitter:label1\" content=\"Gesch\u00e4tzte Lesezeit\" \/>\n\t<meta name=\"twitter:data1\" content=\"8\u00a0Minuten\" \/>\n<script type=\"application\/ld+json\" class=\"yoast-schema-graph\">{\"@context\":\"https:\/\/schema.org\",\"@graph\":[{\"@type\":\"WebPage\",\"@id\":\"https:\/\/alfat.sk\/de\/ochrana-osobnych-udajov\/\",\"url\":\"https:\/\/alfat.sk\/de\/ochrana-osobnych-udajov\/\",\"name\":\"Ochrana osobn\u00fdch \u00fadajov - AlfaT\",\"isPartOf\":{\"@id\":\"https:\/\/alfat.sk\/#website\"},\"datePublished\":\"2024-01-08T14:16:56+00:00\",\"dateModified\":\"2024-01-08T14:16:56+00:00\",\"breadcrumb\":{\"@id\":\"https:\/\/alfat.sk\/de\/ochrana-osobnych-udajov\/#breadcrumb\"},\"inLanguage\":\"de\",\"potentialAction\":[{\"@type\":\"ReadAction\",\"target\":[\"https:\/\/alfat.sk\/de\/ochrana-osobnych-udajov\/\"]}]},{\"@type\":\"BreadcrumbList\",\"@id\":\"https:\/\/alfat.sk\/de\/ochrana-osobnych-udajov\/#breadcrumb\",\"itemListElement\":[{\"@type\":\"ListItem\",\"position\":1,\"name\":\"Home\",\"item\":\"https:\/\/alfat.sk\/de\/\"},{\"@type\":\"ListItem\",\"position\":2,\"name\":\"Ochrana osobn\u00fdch \u00fadajov\"}]},{\"@type\":\"WebSite\",\"@id\":\"https:\/\/alfat.sk\/#website\",\"url\":\"https:\/\/alfat.sk\/\",\"name\":\"AlfaT\",\"description\":\"Komplexn\u00e9 prepravn\u00e9 a logistick\u00e9 slu\u017eby\",\"potentialAction\":[{\"@type\":\"SearchAction\",\"target\":{\"@type\":\"EntryPoint\",\"urlTemplate\":\"https:\/\/alfat.sk\/?s={search_term_string}\"},\"query-input\":\"required name=search_term_string\"}],\"inLanguage\":\"de\"}]}<\/script>\n<!-- \/ Yoast SEO plugin. -->","yoast_head_json":{"title":"Ochrana osobn\u00fdch \u00fadajov - AlfaT","robots":{"index":"index","follow":"follow","max-snippet":"max-snippet:-1","max-image-preview":"max-image-preview:large","max-video-preview":"max-video-preview:-1"},"canonical":"https:\/\/alfat.sk\/de\/ochrana-osobnych-udajov\/","og_locale":"de_DE","og_type":"article","og_title":"Ochrana osobn\u00fdch \u00fadajov - AlfaT","og_description":"AlfaT s.r.o., M.R. \u0160tef\u00e1nika 191\/41, 075 01 Trebi\u0161ov, I\u010cO: 48002542 (\u010ealej len prev\u00e1dzkovate\u013e) prehlasuje ako prev\u00e1dzkovate\u013e webov\u00e9ho s\u00eddla www.alfat.sk, \u017ee na zaistenie ochrany pr\u00e1v dotknut\u00fdch os\u00f4b prijal primeran\u00e9 technick\u00e9 a organiza\u010dn\u00e9 opatrenia, ktor\u00e9 deklaruj\u00fa z\u00e1konn\u00e9 sprac\u00favanie osobn\u00fdch \u00fadajov. Prev\u00e1dzkovate\u013e \u010falej zaviedol transparentn\u00fd syst\u00e9m zaznamen\u00e1vania bezpe\u010dnostn\u00fdch incidentov a ak\u00fdchko\u013evek ot\u00e1zok zo strany dotknutej osoby, ako aj&hellip;","og_url":"https:\/\/alfat.sk\/de\/ochrana-osobnych-udajov\/","og_site_name":"AlfaT","twitter_card":"summary_large_image","twitter_misc":{"Gesch\u00e4tzte Lesezeit":"8\u00a0Minuten"},"schema":{"@context":"https:\/\/schema.org","@graph":[{"@type":"WebPage","@id":"https:\/\/alfat.sk\/de\/ochrana-osobnych-udajov\/","url":"https:\/\/alfat.sk\/de\/ochrana-osobnych-udajov\/","name":"Ochrana osobn\u00fdch \u00fadajov - AlfaT","isPartOf":{"@id":"https:\/\/alfat.sk\/#website"},"datePublished":"2024-01-08T14:16:56+00:00","dateModified":"2024-01-08T14:16:56+00:00","breadcrumb":{"@id":"https:\/\/alfat.sk\/de\/ochrana-osobnych-udajov\/#breadcrumb"},"inLanguage":"de","potentialAction":[{"@type":"ReadAction","target":["https:\/\/alfat.sk\/de\/ochrana-osobnych-udajov\/"]}]},{"@type":"BreadcrumbList","@id":"https:\/\/alfat.sk\/de\/ochrana-osobnych-udajov\/#breadcrumb","itemListElement":[{"@type":"ListItem","position":1,"name":"Home","item":"https:\/\/alfat.sk\/de\/"},{"@type":"ListItem","position":2,"name":"Ochrana osobn\u00fdch \u00fadajov"}]},{"@type":"WebSite","@id":"https:\/\/alfat.sk\/#website","url":"https:\/\/alfat.sk\/","name":"AlfaT","description":"Komplexn\u00e9 prepravn\u00e9 a logistick\u00e9 slu\u017eby","potentialAction":[{"@type":"SearchAction","target":{"@type":"EntryPoint","urlTemplate":"https:\/\/alfat.sk\/?s={search_term_string}"},"query-input":"required name=search_term_string"}],"inLanguage":"de"}]}},"_links":{"self":[{"href":"https:\/\/alfat.sk\/de\/wp-json\/wp\/v2\/pages\/639"}],"collection":[{"href":"https:\/\/alfat.sk\/de\/wp-json\/wp\/v2\/pages"}],"about":[{"href":"https:\/\/alfat.sk\/de\/wp-json\/wp\/v2\/types\/page"}],"author":[{"embeddable":true,"href":"https:\/\/alfat.sk\/de\/wp-json\/wp\/v2\/users\/1"}],"replies":[{"embeddable":true,"href":"https:\/\/alfat.sk\/de\/wp-json\/wp\/v2\/comments?post=639"}],"version-history":[{"count":0,"href":"https:\/\/alfat.sk\/de\/wp-json\/wp\/v2\/pages\/639\/revisions"}],"wp:attachment":[{"href":"https:\/\/alfat.sk\/de\/wp-json\/wp\/v2\/media?parent=639"}],"curies":[{"name":"wp","href":"https:\/\/api.w.org\/{rel}","templated":true}]}}