{"id":413,"date":"2017-03-16T17:31:11","date_gmt":"2017-03-16T16:31:11","guid":{"rendered":"http:\/\/alfat.sk\/?page_id=413\/"},"modified":"2017-03-16T17:31:11","modified_gmt":"2017-03-16T16:31:11","slug":"contact","status":"publish","type":"page","link":"https:\/\/alfat.sk\/en\/contact\/","title":{"rendered":"Contact"},"content":{"rendered":"<div class=\"wpb-content-wrapper\"><p>[vc_row type=&#8221;vc_default&#8221; bg_type=&#8221;image&#8221; parallax_style=&#8221;vcpb-default&#8221; bg_image_new=&#8221;id^205|url^http:\/\/alfat.contentpress.sk\/wp-content\/uploads\/2016\/12\/Kar\u00e9ra-e1487887662946.jpg|caption^null|alt^null|title^Kar\u00e9ra|description^null&#8221; bg_override=&#8221;ex-full&#8221; enable_overlay=&#8221;enable_overlay_value&#8221; overlay_color=&#8221;rgba(0,0,0,0.65)&#8221; css=&#8221;.vc_custom_1488812354409{margin-top: -70px !important;margin-bottom: -70px !important;}&#8221;][vc_column][vc_row_inner css=&#8221;.vc_custom_1488906102554{margin-top: 50px !important;margin-bottom: 70px !important;border-top-width: 9px !important;border-right-width: 9px !important;border-bottom-width: 9px !important;border-left-width: 9px !important;padding-top: 70px !important;padding-right: 15px !important;padding-bottom: 70px !important;padding-left: 15px !important;border-left-color: rgba(255,255,255,0.65) !important;border-left-style: solid !important;border-right-color: rgba(255,255,255,0.65) !important;border-right-style: solid !important;border-top-color: rgba(255,255,255,0.65) !important;border-top-style: solid !important;border-bottom-color: rgba(255,255,255,0.65) !important;border-bottom-style: solid !important;}&#8221;][vc_column_inner width=&#8221;1\/2&#8243;]<div id=\"ultimate-heading-437869f30f66d8769\" class=\"uvc-heading ult-adjust-bottom-margin ultimate-heading-437869f30f66d8769 uvc-1881 accent-border-color\" data-hspacer=\"line_only\"  data-halign=\"left\" style=\"text-align:left\"><div class=\"uvc-main-heading ult-responsive\"  data-ultimate-target='.uvc-heading.ultimate-heading-437869f30f66d8769 h2'  data-responsive-json-new='{\"font-size\":\"desktop:34px;\",\"line-height\":\"desktop:44px;\"}' ><h2 style=\"font-weight:bold;color:#ffffff;margin-bottom:15px;\">Need to transport your goods? Contact us.<\/h2><\/div><div class=\"uvc-heading-spacer line_only\" style=\"margin-bottom:35px;height:3px;\"><span class=\"uvc-headings-line\" style=\"border-style:solid;border-bottom-width:3px;border-color:;width:200px;\"><\/span><\/div><div class=\"uvc-sub-heading ult-responsive\"  data-ultimate-target='.uvc-heading.ultimate-heading-437869f30f66d8769 .uvc-sub-heading '  data-responsive-json-new='{\"font-size\":\"\",\"line-height\":\"\"}'  style=\"font-weight:normal;color:#ffffff;\">Please fill out our form for a free quote. We will reply within 15 minutes.<\/div><\/div><div class=\"ult-spacer spacer-69f30f66d8829\" data-id=\"69f30f66d8829\" data-height=\"30\" data-height-mobile=\"30\" data-height-tab=\"30\" data-height-tab-portrait=\"\" data-height-mobile-landscape=\"\" style=\"clear:both;display:block;\"><\/div>\n<div class=\"wpcf7 no-js\" id=\"wpcf7-f400-o1\" lang=\"sk-SK\" dir=\"ltr\">\n<div class=\"screen-reader-response\"><p role=\"status\" aria-live=\"polite\" aria-atomic=\"true\"><\/p> <ul><\/ul><\/div>\n<form action=\"\/en\/wp-json\/wp\/v2\/pages\/413#wpcf7-f400-o1\" method=\"post\" class=\"wpcf7-form init\" aria-label=\"Kontaktn\u00fd formul\u00e1r\" novalidate=\"novalidate\" data-status=\"init\">\n<div style=\"display: none;\">\n<input type=\"hidden\" name=\"_wpcf7\" value=\"400\" \/>\n<input type=\"hidden\" name=\"_wpcf7_version\" value=\"5.8.5\" \/>\n<input type=\"hidden\" name=\"_wpcf7_locale\" value=\"sk_SK\" \/>\n<input type=\"hidden\" name=\"_wpcf7_unit_tag\" value=\"wpcf7-f400-o1\" \/>\n<input type=\"hidden\" name=\"_wpcf7_container_post\" value=\"0\" \/>\n<input type=\"hidden\" name=\"_wpcf7_posted_data_hash\" value=\"\" \/>\n<input type=\"hidden\" name=\"_wpcf7_recaptcha_response\" value=\"\" \/>\n<\/div>\n<p><span class=\"wpcf7-form-control-wrap\" data-name=\"your-name\"><input size=\"40\" class=\"wpcf7-form-control wpcf7-text wpcf7-validates-as-required\" aria-required=\"true\" aria-invalid=\"false\" placeholder=\"Your Name (Required)\" value=\"\" type=\"text\" name=\"your-name\" \/><\/span>\n<\/p>\n<p><span class=\"wpcf7-form-control-wrap\" data-name=\"your-email\"><input size=\"40\" class=\"wpcf7-form-control wpcf7-email wpcf7-validates-as-required wpcf7-text wpcf7-validates-as-email\" aria-required=\"true\" aria-invalid=\"false\" placeholder=\"Your Email (Required)\" value=\"\" type=\"email\" name=\"your-email\" \/><\/span>\n<\/p>\n<p><span class=\"wpcf7-form-control-wrap\" data-name=\"your-phone\"><input size=\"40\" class=\"wpcf7-form-control wpcf7-tel wpcf7-text wpcf7-validates-as-tel\" aria-invalid=\"false\" placeholder=\"Telephone Number\" value=\"\" type=\"tel\" name=\"your-phone\" \/><\/span>\n<\/p>\n<p><span class=\"wpcf7-form-control-wrap\" data-name=\"your-message\"><textarea cols=\"40\" rows=\"3\" class=\"wpcf7-form-control wpcf7-textarea wpcf7-validates-as-required\" aria-required=\"true\" aria-invalid=\"false\" placeholder=\"Message\" name=\"your-message\"><\/textarea><\/span>\n<\/p>\n<p><input class=\"wpcf7-form-control wpcf7-submit has-spinner\" type=\"submit\" value=\"Send\" \/>\n<\/p><p style=\"display: none !important;\"><label>&#916;<textarea name=\"_wpcf7_ak_hp_textarea\" cols=\"45\" rows=\"8\" maxlength=\"100\"><\/textarea><\/label><input type=\"hidden\" id=\"ak_js_1\" name=\"_wpcf7_ak_js\" value=\"25\"\/><script>document.getElementById( \"ak_js_1\" ).setAttribute( \"value\", ( new Date() ).getTime() );<\/script><\/p><div class=\"wpcf7-response-output\" aria-hidden=\"true\"><\/div>\n<\/form>\n<\/div>\n[\/vc_column_inner][vc_column_inner width=&#8221;1\/4&#8243; css=&#8221;.vc_custom_1488806580285{margin-top: 50px !important;}&#8221;]<div class=\"aio-icon-component   accent-icon-bg style_2\"><div id=\"Info-box-wrap-3297\" class=\"aio-icon-box top-icon\" style=\"\"  ><div class=\"aio-icon-top\"><div class=\"ult-just-icon-wrapper  \"><div class=\"align-icon\" style=\"text-align:center;\">\n<div class=\"aio-icon circle \" data-animation=\"fadeInDown\" data-animation-delay=\"03\" style=\"color:#ffffff;background:#6284c2;font-size:50px;display:inline-block;\">\n\t<i class=\"Defaults-home\"><\/i>\n<\/div><\/div><\/div><\/div><div class=\"aio-icon-header\" ><h3 class=\"aio-icon-title ult-responsive\"  data-ultimate-target='#Info-box-wrap-3297 .aio-icon-title'  data-responsive-json-new='{\"font-size\":\"desktop:14px;\",\"line-height\":\"desktop:14px;\"}'  style=\"color:#ffffff;\">Address<\/h3><\/div> <!-- header --><div class=\"aio-icon-description ult-responsive\"  data-ultimate-target='#Info-box-wrap-3297 .aio-icon-description'  data-responsive-json-new='{\"font-size\":\"\",\"line-height\":\"\"}'  style=\"color:#ffffff;\">AlfaT s.r.o.<br \/>\nM.R. \u0160tef\u00e1nika 191\/41<br \/>\n075 01 Trebi\u0161ov<\/div> <!-- description --><\/div> <!-- aio-icon-box --><\/div> <!-- aio-icon-component --><div class=\"aio-icon-component   accent-icon-bg style_2\"><div id=\"Info-box-wrap-4892\" class=\"aio-icon-box top-icon\" style=\"\"  ><div class=\"aio-icon-top\"><div class=\"ult-just-icon-wrapper  \"><div class=\"align-icon\" style=\"text-align:center;\">\n<div class=\"aio-icon circle \" data-animation=\"fadeInDown\" data-animation-delay=\"03\" style=\"color:#ffffff;background:#6284c2;font-size:50px;display:inline-block;\">\n\t<i class=\"Defaults-envelope-o\"><\/i>\n<\/div><\/div><\/div><\/div><div class=\"aio-icon-header\" ><h3 class=\"aio-icon-title ult-responsive\"  data-ultimate-target='#Info-box-wrap-4892 .aio-icon-title'  data-responsive-json-new='{\"font-size\":\"desktop:14px;\",\"line-height\":\"desktop:14px;\"}'  style=\"color:#ffffff;\">Email<\/h3><\/div> <!-- header --><div class=\"aio-icon-description ult-responsive\"  data-ultimate-target='#Info-box-wrap-4892 .aio-icon-description'  data-responsive-json-new='{\"font-size\":\"\",\"line-height\":\"\"}'  style=\"color:#ffffff;\">info@alfat.sk<\/div> <!-- description --><\/div> <!-- aio-icon-box --><\/div> <!-- aio-icon-component -->[\/vc_column_inner][vc_column_inner width=&#8221;1\/4&#8243; css=&#8221;.vc_custom_1488806593950{margin-top: 50px !important;}&#8221;]<div class=\"aio-icon-component   accent-icon-bg style_2\"><div id=\"Info-box-wrap-1387\" class=\"aio-icon-box top-icon\" style=\"\"  ><div class=\"aio-icon-top\"><div class=\"ult-just-icon-wrapper  \"><div class=\"align-icon\" style=\"text-align:center;\">\n<div class=\"aio-icon circle \" data-animation=\"fadeInDown\" data-animation-delay=\"03\" style=\"color:#ffffff;background:#6284c2;font-size:50px;display:inline-block;\">\n\t<i class=\"Defaults-bookmark\"><\/i>\n<\/div><\/div><\/div><\/div><div class=\"aio-icon-header\" ><h3 class=\"aio-icon-title ult-responsive\"  data-ultimate-target='#Info-box-wrap-1387 .aio-icon-title'  data-responsive-json-new='{\"font-size\":\"desktop:14px;\",\"line-height\":\"desktop:14px;\"}'  style=\"color:#ffffff;\">Company Data<\/h3><\/div> <!-- header --><div class=\"aio-icon-description ult-responsive\"  data-ultimate-target='#Info-box-wrap-1387 .aio-icon-description'  data-responsive-json-new='{\"font-size\":\"\",\"line-height\":\"\"}'  style=\"color:#ffffff;\">IN:\u00a048002542<br \/>\nVAT: 2024171193<br \/>\nVAT IN :SK2024171193<\/div> <!-- description --><\/div> <!-- aio-icon-box --><\/div> <!-- aio-icon-component --><div class=\"aio-icon-component   accent-icon-bg style_2\"><div id=\"Info-box-wrap-5613\" class=\"aio-icon-box top-icon\" style=\"\"  ><div class=\"aio-icon-top\"><div class=\"ult-just-icon-wrapper  \"><div class=\"align-icon\" style=\"text-align:center;\">\n<div class=\"aio-icon circle \" data-animation=\"fadeInDown\" data-animation-delay=\"03\" style=\"color:#ffffff;background:#6284c2;font-size:50px;display:inline-block;\">\n\t<i class=\"Defaults-phone\"><\/i>\n<\/div><\/div><\/div><\/div><div class=\"aio-icon-header\" ><h3 class=\"aio-icon-title ult-responsive\"  data-ultimate-target='#Info-box-wrap-5613 .aio-icon-title'  data-responsive-json-new='{\"font-size\":\"desktop:14px;\",\"line-height\":\"desktop:14px;\"}'  style=\"color:#ffffff;\">Telephone<\/h3><\/div> <!-- header --><div class=\"aio-icon-description ult-responsive\"  data-ultimate-target='#Info-box-wrap-5613 .aio-icon-description'  data-responsive-json-new='{\"font-size\":\"\",\"line-height\":\"\"}'  style=\"color:#ffffff;\">+421 908 353 855<\/div> <!-- description --><\/div> <!-- aio-icon-box --><\/div> <!-- aio-icon-component -->[\/vc_column_inner][\/vc_row_inner][\/vc_column][\/vc_row]<\/p>\n<\/div>","protected":false},"excerpt":{"rendered":"<p>[vc_row type=&#8221;vc_default&#8221; bg_type=&#8221;image&#8221; parallax_style=&#8221;vcpb-default&#8221; bg_image_new=&#8221;id^205|url^http:\/\/alfat.contentpress.sk\/wp-content\/uploads\/2016\/12\/Kar\u00e9ra-e1487887662946.jpg|caption^null|alt^null|title^Kar\u00e9ra|description^null&#8221; bg_override=&#8221;ex-full&#8221; enable_overlay=&#8221;enable_overlay_value&#8221; overlay_color=&#8221;rgba(0,0,0,0.65)&#8221; css=&#8221;.vc_custom_1488812354409{margin-top: -70px !important;margin-bottom: -70px !important;}&#8221;][vc_column][vc_row_inner css=&#8221;.vc_custom_1488906102554{margin-top: 50px !important;margin-bottom: 70px !important;border-top-width: 9px !important;border-right-width: 9px !important;border-bottom-width: 9px !important;border-left-width: 9px !important;padding-top: 70px !important;padding-right: 15px !important;padding-bottom: 70px !important;padding-left: 15px !important;border-left-color: rgba(255,255,255,0.65) !important;border-left-style: solid !important;border-right-color: rgba(255,255,255,0.65) !important;border-right-style: solid !important;border-top-color: rgba(255,255,255,0.65) !important;border-top-style: solid !important;border-bottom-color: rgba(255,255,255,0.65) !important;border-bottom-style: solid !important;}&#8221;][vc_column_inner width=&#8221;1\/2&#8243;][\/vc_column_inner][vc_column_inner width=&#8221;1\/4&#8243; css=&#8221;.vc_custom_1488806580285{margin-top: 50px !important;}&#8221;][\/vc_column_inner][vc_column_inner&hellip;<\/p>\n","protected":false},"author":1,"featured_media":0,"parent":0,"menu_order":0,"comment_status":"closed","ping_status":"closed","template":"","meta":{"footnotes":""},"yoast_head":"<!-- This site is optimized with the Yoast SEO plugin v21.7 - https:\/\/yoast.com\/wordpress\/plugins\/seo\/ -->\n<title>Contact - AlfaT<\/title>\n<meta name=\"robots\" content=\"index, follow, max-snippet:-1, max-image-preview:large, max-video-preview:-1\" \/>\n<link rel=\"canonical\" href=\"https:\/\/alfat.sk\/en\/contact\/\" \/>\n<meta property=\"og:locale\" content=\"en_US\" \/>\n<meta property=\"og:type\" content=\"article\" \/>\n<meta property=\"og:title\" content=\"Contact - AlfaT\" \/>\n<meta property=\"og:description\" content=\"[vc_row type=&#8221;vc_default&#8221; bg_type=&#8221;image&#8221; parallax_style=&#8221;vcpb-default&#8221; bg_image_new=&#8221;id^205|url^http:\/\/alfat.contentpress.sk\/wp-content\/uploads\/2016\/12\/Kar\u00e9ra-e1487887662946.jpg|caption^null|alt^null|title^Kar\u00e9ra|description^null&#8221; bg_override=&#8221;ex-full&#8221; enable_overlay=&#8221;enable_overlay_value&#8221; overlay_color=&#8221;rgba(0,0,0,0.65)&#8221; css=&#8221;.vc_custom_1488812354409{margin-top: -70px !important;margin-bottom: -70px !important;}&#8221;][vc_column][vc_row_inner css=&#8221;.vc_custom_1488906102554{margin-top: 50px !important;margin-bottom: 70px !important;border-top-width: 9px !important;border-right-width: 9px !important;border-bottom-width: 9px !important;border-left-width: 9px !important;padding-top: 70px !important;padding-right: 15px !important;padding-bottom: 70px !important;padding-left: 15px !important;border-left-color: rgba(255,255,255,0.65) !important;border-left-style: solid !important;border-right-color: rgba(255,255,255,0.65) !important;border-right-style: solid !important;border-top-color: rgba(255,255,255,0.65) !important;border-top-style: solid !important;border-bottom-color: rgba(255,255,255,0.65) !important;border-bottom-style: solid !important;}&#8221;][vc_column_inner width=&#8221;1\/2&#8243;][\/vc_column_inner][vc_column_inner width=&#8221;1\/4&#8243; css=&#8221;.vc_custom_1488806580285{margin-top: 50px !important;}&#8221;][\/vc_column_inner][vc_column_inner&hellip;\" \/>\n<meta property=\"og:url\" content=\"https:\/\/alfat.sk\/en\/contact\/\" \/>\n<meta property=\"og:site_name\" content=\"AlfaT\" \/>\n<meta name=\"twitter:card\" content=\"summary_large_image\" \/>\n<meta name=\"twitter:label1\" content=\"Est. reading time\" \/>\n\t<meta name=\"twitter:data1\" content=\"2 minutes\" \/>\n<script type=\"application\/ld+json\" class=\"yoast-schema-graph\">{\"@context\":\"https:\/\/schema.org\",\"@graph\":[{\"@type\":\"WebPage\",\"@id\":\"https:\/\/alfat.sk\/en\/contact\/\",\"url\":\"https:\/\/alfat.sk\/en\/contact\/\",\"name\":\"Contact - AlfaT\",\"isPartOf\":{\"@id\":\"https:\/\/alfat.sk\/#website\"},\"datePublished\":\"2017-03-16T16:31:11+00:00\",\"dateModified\":\"2017-03-16T16:31:11+00:00\",\"breadcrumb\":{\"@id\":\"https:\/\/alfat.sk\/en\/contact\/#breadcrumb\"},\"inLanguage\":\"en-US\",\"potentialAction\":[{\"@type\":\"ReadAction\",\"target\":[\"https:\/\/alfat.sk\/en\/contact\/\"]}]},{\"@type\":\"BreadcrumbList\",\"@id\":\"https:\/\/alfat.sk\/en\/contact\/#breadcrumb\",\"itemListElement\":[{\"@type\":\"ListItem\",\"position\":1,\"name\":\"Home\",\"item\":\"https:\/\/alfat.sk\/en\/\"},{\"@type\":\"ListItem\",\"position\":2,\"name\":\"Contact\"}]},{\"@type\":\"WebSite\",\"@id\":\"https:\/\/alfat.sk\/#website\",\"url\":\"https:\/\/alfat.sk\/\",\"name\":\"AlfaT\",\"description\":\"Komplexn\u00e9 prepravn\u00e9 a logistick\u00e9 slu\u017eby\",\"potentialAction\":[{\"@type\":\"SearchAction\",\"target\":{\"@type\":\"EntryPoint\",\"urlTemplate\":\"https:\/\/alfat.sk\/?s={search_term_string}\"},\"query-input\":\"required name=search_term_string\"}],\"inLanguage\":\"en-US\"}]}<\/script>\n<!-- \/ Yoast SEO plugin. -->","yoast_head_json":{"title":"Contact - AlfaT","robots":{"index":"index","follow":"follow","max-snippet":"max-snippet:-1","max-image-preview":"max-image-preview:large","max-video-preview":"max-video-preview:-1"},"canonical":"https:\/\/alfat.sk\/en\/contact\/","og_locale":"en_US","og_type":"article","og_title":"Contact - AlfaT","og_description":"[vc_row type=&#8221;vc_default&#8221; bg_type=&#8221;image&#8221; parallax_style=&#8221;vcpb-default&#8221; bg_image_new=&#8221;id^205|url^http:\/\/alfat.contentpress.sk\/wp-content\/uploads\/2016\/12\/Kar\u00e9ra-e1487887662946.jpg|caption^null|alt^null|title^Kar\u00e9ra|description^null&#8221; bg_override=&#8221;ex-full&#8221; enable_overlay=&#8221;enable_overlay_value&#8221; overlay_color=&#8221;rgba(0,0,0,0.65)&#8221; css=&#8221;.vc_custom_1488812354409{margin-top: -70px !important;margin-bottom: -70px !important;}&#8221;][vc_column][vc_row_inner css=&#8221;.vc_custom_1488906102554{margin-top: 50px !important;margin-bottom: 70px !important;border-top-width: 9px !important;border-right-width: 9px !important;border-bottom-width: 9px !important;border-left-width: 9px !important;padding-top: 70px !important;padding-right: 15px !important;padding-bottom: 70px !important;padding-left: 15px !important;border-left-color: rgba(255,255,255,0.65) !important;border-left-style: solid !important;border-right-color: rgba(255,255,255,0.65) !important;border-right-style: solid !important;border-top-color: rgba(255,255,255,0.65) !important;border-top-style: solid !important;border-bottom-color: rgba(255,255,255,0.65) !important;border-bottom-style: solid !important;}&#8221;][vc_column_inner width=&#8221;1\/2&#8243;][\/vc_column_inner][vc_column_inner width=&#8221;1\/4&#8243; css=&#8221;.vc_custom_1488806580285{margin-top: 50px !important;}&#8221;][\/vc_column_inner][vc_column_inner&hellip;","og_url":"https:\/\/alfat.sk\/en\/contact\/","og_site_name":"AlfaT","twitter_card":"summary_large_image","twitter_misc":{"Est. reading time":"2 minutes"},"schema":{"@context":"https:\/\/schema.org","@graph":[{"@type":"WebPage","@id":"https:\/\/alfat.sk\/en\/contact\/","url":"https:\/\/alfat.sk\/en\/contact\/","name":"Contact - AlfaT","isPartOf":{"@id":"https:\/\/alfat.sk\/#website"},"datePublished":"2017-03-16T16:31:11+00:00","dateModified":"2017-03-16T16:31:11+00:00","breadcrumb":{"@id":"https:\/\/alfat.sk\/en\/contact\/#breadcrumb"},"inLanguage":"en-US","potentialAction":[{"@type":"ReadAction","target":["https:\/\/alfat.sk\/en\/contact\/"]}]},{"@type":"BreadcrumbList","@id":"https:\/\/alfat.sk\/en\/contact\/#breadcrumb","itemListElement":[{"@type":"ListItem","position":1,"name":"Home","item":"https:\/\/alfat.sk\/en\/"},{"@type":"ListItem","position":2,"name":"Contact"}]},{"@type":"WebSite","@id":"https:\/\/alfat.sk\/#website","url":"https:\/\/alfat.sk\/","name":"AlfaT","description":"Komplexn\u00e9 prepravn\u00e9 a logistick\u00e9 slu\u017eby","potentialAction":[{"@type":"SearchAction","target":{"@type":"EntryPoint","urlTemplate":"https:\/\/alfat.sk\/?s={search_term_string}"},"query-input":"required name=search_term_string"}],"inLanguage":"en-US"}]}},"_links":{"self":[{"href":"https:\/\/alfat.sk\/en\/wp-json\/wp\/v2\/pages\/413"}],"collection":[{"href":"https:\/\/alfat.sk\/en\/wp-json\/wp\/v2\/pages"}],"about":[{"href":"https:\/\/alfat.sk\/en\/wp-json\/wp\/v2\/types\/page"}],"author":[{"embeddable":true,"href":"https:\/\/alfat.sk\/en\/wp-json\/wp\/v2\/users\/1"}],"replies":[{"embeddable":true,"href":"https:\/\/alfat.sk\/en\/wp-json\/wp\/v2\/comments?post=413"}],"version-history":[{"count":1,"href":"https:\/\/alfat.sk\/en\/wp-json\/wp\/v2\/pages\/413\/revisions"}],"predecessor-version":[{"id":414,"href":"https:\/\/alfat.sk\/en\/wp-json\/wp\/v2\/pages\/413\/revisions\/414"}],"wp:attachment":[{"href":"https:\/\/alfat.sk\/en\/wp-json\/wp\/v2\/media?parent=413"}],"curies":[{"name":"wp","href":"https:\/\/api.w.org\/{rel}","templated":true}]}}