{"id":428,"date":"2017-03-23T15:08:51","date_gmt":"2017-03-23T14:08:51","guid":{"rendered":"http:\/\/alfat.sk\/?page_id=428\/"},"modified":"2017-03-23T15:08:51","modified_gmt":"2017-03-23T14:08:51","slug":"career","status":"publish","type":"page","link":"https:\/\/alfat.sk\/en\/career\/","title":{"rendered":"Career"},"content":{"rendered":"<div class=\"wpb-content-wrapper\"><p>[vc_row type=&#8221;vc_default&#8221; bg_type=&#8221;image&#8221; parallax_style=&#8221;vcpb-vz-jquery&#8221; bg_image_new=&#8221;id^337|url^http:\/\/alfat.contentpress.sk\/wp-content\/uploads\/2017\/03\/Kariera-1.jpg|caption^null|alt^null|title^Kariera|description^null&#8221; bg_image_repeat=&#8221;no-repeat&#8221; bg_override=&#8221;ex-full&#8221; enable_overlay=&#8221;enable_overlay_value&#8221; overlay_color=&#8221;rgba(0,0,0,0.65)&#8221; overlay_pattern=&#8221;transperant&#8221; css=&#8221;.vc_custom_1488906181058{margin-top: -70px !important;background-color: #000000 !important;}&#8221; el_id=&#8221;carrier&#8221;][vc_column][vc_row_inner equal_height=&#8221;yes&#8221; css=&#8221;.vc_custom_1488906224544{margin-top: 50px !important;margin-bottom: 70px !important;border-top-width: 9px !important;border-right-width: 9px !important;border-bottom-width: 9px !important;border-left-width: 9px !important;padding-top: 40px !important;padding-right: 15px !important;padding-bottom: 20px !important;padding-left: 15px !important;border-left-color: rgba(255,255,255,0.3) !important;border-left-style: solid !important;border-right-color: rgba(255,255,255,0.3) !important;border-right-style: solid !important;border-top-color: rgba(255,255,255,0.3) !important;border-top-style: solid !important;border-bottom-color: rgba(255,255,255,0.3) !important;border-bottom-style: solid !important;}&#8221;][vc_column_inner width=&#8221;1\/2&#8243; css=&#8221;.vc_custom_1487883926887{margin-top: 0px !important;margin-right: 0px !important;margin-bottom: 0px !important;margin-left: 0px !important;padding-top: 0px !important;padding-right: 25px !important;padding-bottom: 50px !important;padding-left: 25px !important;}&#8221;]<div id=\"ultimate-heading-230869f206887d2cd\" class=\"uvc-heading ult-adjust-bottom-margin ultimate-heading-230869f206887d2cd uvc-4605 accent-border-color\" data-hspacer=\"line_only\"  data-halign=\"left\" style=\"text-align:left\"><div class=\"uvc-main-heading ult-responsive\"  data-ultimate-target='.uvc-heading.ultimate-heading-230869f206887d2cd h2'  data-responsive-json-new='{\"font-size\":\"desktop:36px;\",\"line-height\":\"desktop:46px;\"}' ><h2 style=\"font-weight:bold;color:#ffffff;margin-bottom:15px;\">Launch your career!<\/h2><\/div><div class=\"uvc-heading-spacer line_only\" style=\"margin-bottom:35px;height:3px;\"><span class=\"uvc-headings-line\" style=\"border-style:solid;border-bottom-width:3px;border-color:;width:200px;\"><\/span><\/div><\/div><div id=\"ultimate-heading-624369f206887d3cb\" class=\"uvc-heading ult-adjust-bottom-margin ultimate-heading-624369f206887d3cb uvc-7749 \" data-hspacer=\"no_spacer\"  data-halign=\"left\" style=\"text-align:left\"><div class=\"uvc-heading-spacer no_spacer\" style=\"top\"><\/div><div class=\"uvc-main-heading ult-responsive\"  data-ultimate-target='.uvc-heading.ultimate-heading-624369f206887d3cb h2'  data-responsive-json-new='{\"font-size\":\"desktop:20px;\",\"line-height\":\"desktop:32px;\"}' ><h2 style=\"--font-weight:theme;color:#ffffff;margin-bottom:25px;\">Sme otvoren\u00fd novej spolupr\u00e1ci. Nev\u00e1hajte n\u00e1s preto kontaktova\u0165!<\/h2><\/div><div class=\"uvc-sub-heading ult-responsive\"  data-ultimate-target='.uvc-heading.ultimate-heading-624369f206887d3cb .uvc-sub-heading '  data-responsive-json-new='{\"font-size\":\"\",\"line-height\":\"desktop:26px;\"}'  style=\"font-weight:normal;color:#ffffff;\">We\u2019re open to new partnerships! Don\u2019t hesitate to get in touch with us!<\/p>\n<p>Due to the constantly increasing number of clients and products, AlfaT s.r.o. has decided to open its ranks to new colleagues. We\u2019re looking for responsible, single-minded people who are willing to work on themselves, and thus experience professional growth.<\/p>\n<p>Our only requirement is that you\u2019re proficient in AT LEAST one foreign language; this includes good oral and written communication skills. Job experience in the field is welcome, but not required.<\/p>\n<p>Future colleagues can look forward to a modern work environment with our friendly team, and most importantly a motivating salary. If you\u2019re interested in office work and professional growth as an employee of a stable, rapidly expanding company, then don\u2019t hesitate to contact us this very instant! With us, your dreams can become reality.<\/div><\/div>[\/vc_column_inner][vc_column_inner width=&#8221;1\/2&#8243; css=&#8221;.vc_custom_1487885168891{margin-top: 0px !important;margin-right: 0px !important;margin-left: 0px !important;padding-top: 0px !important;padding-right: 25px !important;padding-left: 25px !important;}&#8221;]<div id=\"ultimate-heading-971469f206887d49d\" class=\"uvc-heading ult-adjust-bottom-margin ultimate-heading-971469f206887d49d uvc-9893 accent-border-color\" data-hspacer=\"line_only\"  data-halign=\"left\" style=\"text-align:left\"><div class=\"uvc-main-heading ult-responsive\"  data-ultimate-target='.uvc-heading.ultimate-heading-971469f206887d49d h2'  data-responsive-json-new='{\"font-size\":\"desktop:36px;\",\"line-height\":\"desktop:46px;\"}' ><h2 style=\"font-weight:bold;color:#ffffff;margin-bottom:15px;\">Requirements<\/h2><\/div><div class=\"uvc-heading-spacer line_only\" style=\"margin-bottom:35px;height:3px;\"><span class=\"uvc-headings-line\" style=\"border-style:solid;border-bottom-width:3px;border-color:;width:100px;\"><\/span><\/div><\/div><div class=\"standard-arrow bullet-top\"><ul>\n<li><span style=\"color: #ffffff;\">German \u2013 fluent<\/span><\/li>\n<li><span style=\"color: #ffffff;\">English \u2013 fluent<\/span><\/li>\n<li><span style=\"color: #ffffff;\">French \u2013 fluent<\/span><\/li>\n<li><span style=\"color: #ffffff;\">Spanish \u2013 fluent<\/span><\/li>\n<li><span style=\"color: #ffffff;\">Working with E-mail and on PC<\/span><\/li>\n<li><span style=\"color: #ffffff;\">Good communication skills<\/span><\/li>\n<\/ul>\n<\/div><div class=\"ult-spacer spacer-69f206887d6bc\" data-id=\"69f206887d6bc\" data-height=\"20\" data-height-mobile=\"20\" data-height-tab=\"20\" data-height-tab-portrait=\"\" data-height-mobile-landscape=\"\" style=\"clear:both;display:block;\"><\/div><div id=\"ultimate-heading-302369f206887d762\" class=\"uvc-heading ult-adjust-bottom-margin ultimate-heading-302369f206887d762 uvc-3389 accent-border-color\" data-hspacer=\"line_only\"  data-halign=\"left\" style=\"text-align:left\"><div class=\"uvc-main-heading ult-responsive\"  data-ultimate-target='.uvc-heading.ultimate-heading-302369f206887d762 h2'  data-responsive-json-new='{\"font-size\":\"desktop:36px;\",\"line-height\":\"desktop:46px;\"}' ><h2 style=\"font-weight:bold;color:#ffffff;margin-bottom:15px;\">Benefits<\/h2><\/div><div class=\"uvc-heading-spacer line_only\" style=\"margin-bottom:35px;height:3px;\"><span class=\"uvc-headings-line\" style=\"border-style:solid;border-bottom-width:3px;border-color:;width:100px;\"><\/span><\/div><\/div><div class=\"standard-arrow bullet-top\"><ul>\n<li><span style=\"color: #ffffff;\">Pleasant work environment<\/span><\/li>\n<li><span style=\"color: #ffffff;\">Office work<\/span><\/li>\n<li><span style=\"color: #ffffff;\">Good work hours<\/span><\/li>\n<\/ul>\n<\/div>[\/vc_column_inner][\/vc_row_inner][\/vc_column][\/vc_row][vc_row margin_top=&#8221;50&#8243;][vc_column width=&#8221;1\/4&#8243;][\/vc_column][vc_column width=&#8221;1\/2&#8243;]<div id=\"ultimate-heading-862769f206887d900\" class=\"uvc-heading ult-adjust-bottom-margin ultimate-heading-862769f206887d900 uvc-8917 accent-border-color\" data-hspacer=\"line_only\"  data-halign=\"left\" style=\"text-align:left\"><div class=\"uvc-main-heading ult-responsive\"  data-ultimate-target='.uvc-heading.ultimate-heading-862769f206887d900 h2'  data-responsive-json-new='{\"font-size\":\"desktop:36px;\",\"line-height\":\"desktop:46px;\"}' ><h2 style=\"font-weight:bold;color:#333539;margin-bottom:15px;\">Send your CV<\/h2><\/div><div class=\"uvc-heading-spacer line_only\" style=\"margin-bottom:35px;height:3px;\"><span class=\"uvc-headings-line\" style=\"border-style:solid;border-bottom-width:3px;border-color:;width:200px;\"><\/span><\/div><\/div>\n<div class=\"wpcf7 no-js\" id=\"wpcf7-f430-o1\" lang=\"sk-SK\" dir=\"ltr\">\n<div class=\"screen-reader-response\"><p role=\"status\" aria-live=\"polite\" aria-atomic=\"true\"><\/p> <ul><\/ul><\/div>\n<form action=\"\/en\/wp-json\/wp\/v2\/pages\/428#wpcf7-f430-o1\" method=\"post\" class=\"wpcf7-form init\" aria-label=\"Kontaktn\u00fd formul\u00e1r\" enctype=\"multipart\/form-data\" novalidate=\"novalidate\" data-status=\"init\">\n<div style=\"display: none;\">\n<input type=\"hidden\" name=\"_wpcf7\" value=\"430\" \/>\n<input type=\"hidden\" name=\"_wpcf7_version\" value=\"5.8.5\" \/>\n<input type=\"hidden\" name=\"_wpcf7_locale\" value=\"sk_SK\" \/>\n<input type=\"hidden\" name=\"_wpcf7_unit_tag\" value=\"wpcf7-f430-o1\" \/>\n<input type=\"hidden\" name=\"_wpcf7_container_post\" value=\"0\" \/>\n<input type=\"hidden\" name=\"_wpcf7_posted_data_hash\" value=\"\" \/>\n<input type=\"hidden\" name=\"_wpcf7_recaptcha_response\" value=\"\" \/>\n<\/div>\n<p><span class=\"wpcf7-form-control-wrap\" data-name=\"your-name\"><input size=\"40\" class=\"wpcf7-form-control wpcf7-text wpcf7-validates-as-required\" aria-required=\"true\" aria-invalid=\"false\" placeholder=\"Your name (required)\" value=\"\" type=\"text\" name=\"your-name\" \/><\/span>\n<\/p>\n<p><span class=\"wpcf7-form-control-wrap\" data-name=\"your-email\"><input size=\"40\" class=\"wpcf7-form-control wpcf7-email wpcf7-validates-as-required wpcf7-text wpcf7-validates-as-email\" aria-required=\"true\" aria-invalid=\"false\" placeholder=\"Your E-mail (required)\" value=\"\" type=\"email\" name=\"your-email\" \/><\/span>\n<\/p>\n<p><span class=\"wpcf7-form-control-wrap\" data-name=\"phone-number\"><input size=\"40\" class=\"wpcf7-form-control wpcf7-tel wpcf7-text wpcf7-validates-as-tel\" aria-invalid=\"false\" placeholder=\"Phone number\" value=\"\" type=\"tel\" name=\"phone-number\" \/><\/span>\n<\/p>\n<p><span class=\"wpcf7-form-control-wrap\" data-name=\"your-message\"><textarea cols=\"40\" rows=\"5\" class=\"wpcf7-form-control wpcf7-textarea\" aria-invalid=\"false\" placeholder=\"Message\" name=\"your-message\"><\/textarea><\/span>\n<\/p>\n<p>Attach CV\n<\/p>\n<p><span class=\"wpcf7-form-control-wrap\" data-name=\"file-163\"><input size=\"40\" class=\"wpcf7-form-control wpcf7-file\" accept=\"audio\/*,video\/*,image\/*\" aria-invalid=\"false\" type=\"file\" name=\"file-163\" \/><\/span>\n<\/p>\n<p><input class=\"wpcf7-form-control wpcf7-submit has-spinner\" type=\"submit\" value=\"Send\" \/>\n<\/p><p style=\"display: none !important;\"><label>&#916;<textarea name=\"_wpcf7_ak_hp_textarea\" cols=\"45\" rows=\"8\" maxlength=\"100\"><\/textarea><\/label><input type=\"hidden\" id=\"ak_js_1\" name=\"_wpcf7_ak_js\" value=\"92\"\/><script>document.getElementById( \"ak_js_1\" ).setAttribute( \"value\", ( new Date() ).getTime() );<\/script><\/p><div class=\"wpcf7-response-output\" aria-hidden=\"true\"><\/div>\n<\/form>\n<\/div>\n[\/vc_column][vc_column width=&#8221;1\/4&#8243;][\/vc_column][\/vc_row]<\/p>\n<\/div>","protected":false},"excerpt":{"rendered":"<p>[vc_row type=&#8221;vc_default&#8221; bg_type=&#8221;image&#8221; parallax_style=&#8221;vcpb-vz-jquery&#8221; bg_image_new=&#8221;id^337|url^http:\/\/alfat.contentpress.sk\/wp-content\/uploads\/2017\/03\/Kariera-1.jpg|caption^null|alt^null|title^Kariera|description^null&#8221; bg_image_repeat=&#8221;no-repeat&#8221; bg_override=&#8221;ex-full&#8221; enable_overlay=&#8221;enable_overlay_value&#8221; overlay_color=&#8221;rgba(0,0,0,0.65)&#8221; overlay_pattern=&#8221;transperant&#8221; css=&#8221;.vc_custom_1488906181058{margin-top: -70px !important;background-color: #000000 !important;}&#8221; el_id=&#8221;carrier&#8221;][vc_column][vc_row_inner equal_height=&#8221;yes&#8221; css=&#8221;.vc_custom_1488906224544{margin-top: 50px !important;margin-bottom: 70px !important;border-top-width: 9px !important;border-right-width: 9px !important;border-bottom-width: 9px !important;border-left-width: 9px !important;padding-top: 40px !important;padding-right: 15px !important;padding-bottom: 20px !important;padding-left: 15px !important;border-left-color: rgba(255,255,255,0.3) !important;border-left-style: solid !important;border-right-color: rgba(255,255,255,0.3) !important;border-right-style: solid !important;border-top-color: rgba(255,255,255,0.3) !important;border-top-style: solid !important;border-bottom-color: rgba(255,255,255,0.3) !important;border-bottom-style: solid !important;}&#8221;][vc_column_inner width=&#8221;1\/2&#8243;&hellip;<\/p>\n","protected":false},"author":1,"featured_media":0,"parent":0,"menu_order":0,"comment_status":"closed","ping_status":"closed","template":"","meta":{"footnotes":""},"yoast_head":"<!-- This site is optimized with the Yoast SEO plugin v21.7 - https:\/\/yoast.com\/wordpress\/plugins\/seo\/ -->\n<title>Career - AlfaT<\/title>\n<meta name=\"robots\" content=\"index, follow, max-snippet:-1, max-image-preview:large, max-video-preview:-1\" \/>\n<link rel=\"canonical\" href=\"https:\/\/alfat.sk\/en\/career\/\" \/>\n<meta property=\"og:locale\" content=\"en_US\" \/>\n<meta property=\"og:type\" content=\"article\" \/>\n<meta property=\"og:title\" content=\"Career - AlfaT\" \/>\n<meta property=\"og:description\" content=\"[vc_row type=&#8221;vc_default&#8221; bg_type=&#8221;image&#8221; parallax_style=&#8221;vcpb-vz-jquery&#8221; bg_image_new=&#8221;id^337|url^http:\/\/alfat.contentpress.sk\/wp-content\/uploads\/2017\/03\/Kariera-1.jpg|caption^null|alt^null|title^Kariera|description^null&#8221; bg_image_repeat=&#8221;no-repeat&#8221; bg_override=&#8221;ex-full&#8221; enable_overlay=&#8221;enable_overlay_value&#8221; overlay_color=&#8221;rgba(0,0,0,0.65)&#8221; overlay_pattern=&#8221;transperant&#8221; css=&#8221;.vc_custom_1488906181058{margin-top: -70px !important;background-color: #000000 !important;}&#8221; el_id=&#8221;carrier&#8221;][vc_column][vc_row_inner equal_height=&#8221;yes&#8221; css=&#8221;.vc_custom_1488906224544{margin-top: 50px !important;margin-bottom: 70px !important;border-top-width: 9px !important;border-right-width: 9px !important;border-bottom-width: 9px !important;border-left-width: 9px !important;padding-top: 40px !important;padding-right: 15px !important;padding-bottom: 20px !important;padding-left: 15px !important;border-left-color: rgba(255,255,255,0.3) !important;border-left-style: solid !important;border-right-color: rgba(255,255,255,0.3) !important;border-right-style: solid !important;border-top-color: rgba(255,255,255,0.3) !important;border-top-style: solid !important;border-bottom-color: rgba(255,255,255,0.3) !important;border-bottom-style: solid !important;}&#8221;][vc_column_inner width=&#8221;1\/2&#8243;&hellip;\" \/>\n<meta property=\"og:url\" content=\"https:\/\/alfat.sk\/en\/career\/\" \/>\n<meta property=\"og:site_name\" content=\"AlfaT\" \/>\n<meta name=\"twitter:card\" content=\"summary_large_image\" \/>\n<meta name=\"twitter:label1\" content=\"Est. reading time\" \/>\n\t<meta name=\"twitter:data1\" content=\"4 minutes\" \/>\n<script type=\"application\/ld+json\" class=\"yoast-schema-graph\">{\"@context\":\"https:\/\/schema.org\",\"@graph\":[{\"@type\":\"WebPage\",\"@id\":\"https:\/\/alfat.sk\/en\/career\/\",\"url\":\"https:\/\/alfat.sk\/en\/career\/\",\"name\":\"Career - AlfaT\",\"isPartOf\":{\"@id\":\"https:\/\/alfat.sk\/#website\"},\"datePublished\":\"2017-03-23T14:08:51+00:00\",\"dateModified\":\"2017-03-23T14:08:51+00:00\",\"breadcrumb\":{\"@id\":\"https:\/\/alfat.sk\/en\/career\/#breadcrumb\"},\"inLanguage\":\"en-US\",\"potentialAction\":[{\"@type\":\"ReadAction\",\"target\":[\"https:\/\/alfat.sk\/en\/career\/\"]}]},{\"@type\":\"BreadcrumbList\",\"@id\":\"https:\/\/alfat.sk\/en\/career\/#breadcrumb\",\"itemListElement\":[{\"@type\":\"ListItem\",\"position\":1,\"name\":\"Home\",\"item\":\"https:\/\/alfat.sk\/en\/\"},{\"@type\":\"ListItem\",\"position\":2,\"name\":\"Career\"}]},{\"@type\":\"WebSite\",\"@id\":\"https:\/\/alfat.sk\/#website\",\"url\":\"https:\/\/alfat.sk\/\",\"name\":\"AlfaT\",\"description\":\"Komplexn\u00e9 prepravn\u00e9 a logistick\u00e9 slu\u017eby\",\"potentialAction\":[{\"@type\":\"SearchAction\",\"target\":{\"@type\":\"EntryPoint\",\"urlTemplate\":\"https:\/\/alfat.sk\/?s={search_term_string}\"},\"query-input\":\"required name=search_term_string\"}],\"inLanguage\":\"en-US\"}]}<\/script>\n<!-- \/ Yoast SEO plugin. -->","yoast_head_json":{"title":"Career - AlfaT","robots":{"index":"index","follow":"follow","max-snippet":"max-snippet:-1","max-image-preview":"max-image-preview:large","max-video-preview":"max-video-preview:-1"},"canonical":"https:\/\/alfat.sk\/en\/career\/","og_locale":"en_US","og_type":"article","og_title":"Career - AlfaT","og_description":"[vc_row type=&#8221;vc_default&#8221; bg_type=&#8221;image&#8221; parallax_style=&#8221;vcpb-vz-jquery&#8221; bg_image_new=&#8221;id^337|url^http:\/\/alfat.contentpress.sk\/wp-content\/uploads\/2017\/03\/Kariera-1.jpg|caption^null|alt^null|title^Kariera|description^null&#8221; bg_image_repeat=&#8221;no-repeat&#8221; bg_override=&#8221;ex-full&#8221; enable_overlay=&#8221;enable_overlay_value&#8221; overlay_color=&#8221;rgba(0,0,0,0.65)&#8221; overlay_pattern=&#8221;transperant&#8221; css=&#8221;.vc_custom_1488906181058{margin-top: -70px !important;background-color: #000000 !important;}&#8221; el_id=&#8221;carrier&#8221;][vc_column][vc_row_inner equal_height=&#8221;yes&#8221; css=&#8221;.vc_custom_1488906224544{margin-top: 50px !important;margin-bottom: 70px !important;border-top-width: 9px !important;border-right-width: 9px !important;border-bottom-width: 9px !important;border-left-width: 9px !important;padding-top: 40px !important;padding-right: 15px !important;padding-bottom: 20px !important;padding-left: 15px !important;border-left-color: rgba(255,255,255,0.3) !important;border-left-style: solid !important;border-right-color: rgba(255,255,255,0.3) !important;border-right-style: solid !important;border-top-color: rgba(255,255,255,0.3) !important;border-top-style: solid !important;border-bottom-color: rgba(255,255,255,0.3) !important;border-bottom-style: solid !important;}&#8221;][vc_column_inner width=&#8221;1\/2&#8243;&hellip;","og_url":"https:\/\/alfat.sk\/en\/career\/","og_site_name":"AlfaT","twitter_card":"summary_large_image","twitter_misc":{"Est. reading time":"4 minutes"},"schema":{"@context":"https:\/\/schema.org","@graph":[{"@type":"WebPage","@id":"https:\/\/alfat.sk\/en\/career\/","url":"https:\/\/alfat.sk\/en\/career\/","name":"Career - AlfaT","isPartOf":{"@id":"https:\/\/alfat.sk\/#website"},"datePublished":"2017-03-23T14:08:51+00:00","dateModified":"2017-03-23T14:08:51+00:00","breadcrumb":{"@id":"https:\/\/alfat.sk\/en\/career\/#breadcrumb"},"inLanguage":"en-US","potentialAction":[{"@type":"ReadAction","target":["https:\/\/alfat.sk\/en\/career\/"]}]},{"@type":"BreadcrumbList","@id":"https:\/\/alfat.sk\/en\/career\/#breadcrumb","itemListElement":[{"@type":"ListItem","position":1,"name":"Home","item":"https:\/\/alfat.sk\/en\/"},{"@type":"ListItem","position":2,"name":"Career"}]},{"@type":"WebSite","@id":"https:\/\/alfat.sk\/#website","url":"https:\/\/alfat.sk\/","name":"AlfaT","description":"Komplexn\u00e9 prepravn\u00e9 a logistick\u00e9 slu\u017eby","potentialAction":[{"@type":"SearchAction","target":{"@type":"EntryPoint","urlTemplate":"https:\/\/alfat.sk\/?s={search_term_string}"},"query-input":"required name=search_term_string"}],"inLanguage":"en-US"}]}},"_links":{"self":[{"href":"https:\/\/alfat.sk\/en\/wp-json\/wp\/v2\/pages\/428"}],"collection":[{"href":"https:\/\/alfat.sk\/en\/wp-json\/wp\/v2\/pages"}],"about":[{"href":"https:\/\/alfat.sk\/en\/wp-json\/wp\/v2\/types\/page"}],"author":[{"embeddable":true,"href":"https:\/\/alfat.sk\/en\/wp-json\/wp\/v2\/users\/1"}],"replies":[{"embeddable":true,"href":"https:\/\/alfat.sk\/en\/wp-json\/wp\/v2\/comments?post=428"}],"version-history":[{"count":3,"href":"https:\/\/alfat.sk\/en\/wp-json\/wp\/v2\/pages\/428\/revisions"}],"predecessor-version":[{"id":432,"href":"https:\/\/alfat.sk\/en\/wp-json\/wp\/v2\/pages\/428\/revisions\/432"}],"wp:attachment":[{"href":"https:\/\/alfat.sk\/en\/wp-json\/wp\/v2\/media?parent=428"}],"curies":[{"name":"wp","href":"https:\/\/api.w.org\/{rel}","templated":true}]}}